{"id":1757,"date":"2019-10-22T10:13:21","date_gmt":"2019-10-22T10:13:21","guid":{"rendered":"https:\/\/janekleinschmit.art\/about\/"},"modified":"2025-12-28T16:06:17","modified_gmt":"2025-12-28T15:06:17","slug":"about","status":"publish","type":"page","link":"https:\/\/janekleinschmit.art\/de\/","title":{"rendered":"\u00dcber Jane Kleinschmit"},"content":{"rendered":"\n<div class=\"wp-block-columns is-layout-flex wp-container-core-columns-is-layout-9d6595d7 wp-block-columns-is-layout-flex\">\n<div class=\"wp-block-column is-layout-flow wp-block-column-is-layout-flow\">\n<h2 class=\"wp-block-heading\">K\u00fcnstlerstatement<\/h2>\n\n\n\n<p>Malerei ist f\u00fcr mich ein kontinuierlicher Prozess der Suche nach Sch\u00f6nheit, St\u00e4rke, Sensibilit\u00e4t und Bewegung. Es ist die Explosion von Farben, das Aneinandergeraten von Formen und der Gebrauch expressiver Gesten. Durch das Leben in Spanien ist mir klar geworden, wie sehr meine Malerei eigentlich in der nordeurop\u00e4ischen expressionistischen Tradition verwurzelt ist. Dennoch bekommt sie durch die mich umgebende s\u00fcdliche Szenerie einen neuen Horizont.<\/p>\n\n\n\n<p>Meine fig\u00fcrlichen Bilder erz\u00e4hlen von Tieren, Pflanzen, Menschen, Str\u00e4nden und dem Meer, in seiner sich st\u00e4ndig ver\u00e4ndernden Stimmung und Erscheinung. Die dargestellten Figuren sind bisweilen eingebettet in eine magische Atmosph\u00e4re tropischer G\u00e4rten, deren scheinbar schlichter jedoch kraftvoller Hintergrund einen beinahe hypnotischen Effekt auf den Betrachter hat. Kontrastierende Farben und Formen spielen ebenso eine Rolle wie die Darstellung von Bewegung. Es macht mir besonders viel Spa\u00df, absurde Situationen zu kreieren, wie Giraffen am Strand oder Elefanten am Himmel, die eine andere Realit\u00e4t suggerieren.<br>Und so erscheint es v\u00f6llig nat\u00fcrlich, dass eine Giraffe an Granadas Str\u00e4nden herumtollt, und k\u00f6nnte gar nicht normaler sein.<\/p>\n\n\n\n<p>Schon immer habe ich w\u00e4hrend des Malens Musik geh\u00f6rt, manchmal auch dazu gesungen. W\u00e4hrend des Schaffensprozesses eines Bildes gibt es nat\u00fcrlich mehrere Phasen, manche davon brauchen Musik, andere Stille. Auch die Stille ist eine Form von Musik. In letzter Zeit spielt aber der Gesang eine gr\u00f6ssere Rolle in meiner k\u00fcnstlerischen Arbeit. So inspiriert beispielsweise eine Melodie im Radio zu einer Gesangsimprovisation und diese wieder zu einem Bild. Das sich im Prozess befindende Bild f\u00fchrt wieder zur Fortf\u00fchrung der musikalischen Idee. Und das Bild malt sich selbst, der Maler ist nur Instrument, w\u00e4hrend die Musik im Einklang dazu geht. Klingt ja wie im M\u00e4rchen, oder? Aber es ist so. Das Schaffen von Bildern und Gesangsimprovisationen k\u00f6nnen eng aneinander gekn\u00fcpft sein und erg\u00e4nzen sich nicht nur, sondern wirken aufeinander produktiv.<\/p>\n\n\n\n<p><\/p>\n<\/div>\n\n\n\n<div class=\"wp-block-column is-layout-flow wp-block-column-is-layout-flow\">\n<figure class=\"wp-block-image size-large\"><a href=\"https:\/\/janekleinschmit.art\/de\/portfolio\/meer\/\"><img loading=\"lazy\" decoding=\"async\" width=\"1024\" height=\"790\" src=\"https:\/\/janekleinschmit.art\/wp-content\/uploads\/2022\/10\/Olas-con-horizonte-114-x-114-cm.jpg\" alt=\"\" class=\"wp-image-3187\" srcset=\"https:\/\/janekleinschmit.art\/wp-content\/uploads\/2022\/10\/Olas-con-horizonte-114-x-114-cm.jpg 1024w, https:\/\/janekleinschmit.art\/wp-content\/uploads\/2022\/10\/Olas-con-horizonte-114-x-114-cm-500x386.jpg 500w, https:\/\/janekleinschmit.art\/wp-content\/uploads\/2022\/10\/Olas-con-horizonte-114-x-114-cm-768x593.jpg 768w, https:\/\/janekleinschmit.art\/wp-content\/uploads\/2022\/10\/Olas-con-horizonte-114-x-114-cm-648x500.jpg 648w\" sizes=\"auto, (max-width: 1024px) 100vw, 1024px\" \/><\/a><\/figure>\n\n\n\n<p class=\"has-text-align-center\"><a href=\"https:\/\/janekleinschmit.art\/de\/portfolio\/meer\/\">Meer<\/a><\/p>\n\n\n\n<figure class=\"wp-block-image size-large\"><a href=\"https:\/\/janekleinschmit.art\/de\/portfolio\/landschaft\/\"><img loading=\"lazy\" decoding=\"async\" width=\"1024\" height=\"817\" src=\"https:\/\/janekleinschmit.art\/wp-content\/uploads\/2022\/04\/Sierra-con-estrellas-III.jpg\" alt=\"Sierra con estrellas III, \u00f3leo sobre tela, 92 x 73 cm, 2021\" class=\"wp-image-2600\" srcset=\"https:\/\/janekleinschmit.art\/wp-content\/uploads\/2022\/04\/Sierra-con-estrellas-III.jpg 1024w, https:\/\/janekleinschmit.art\/wp-content\/uploads\/2022\/04\/Sierra-con-estrellas-III-500x399.jpg 500w, https:\/\/janekleinschmit.art\/wp-content\/uploads\/2022\/04\/Sierra-con-estrellas-III-768x613.jpg 768w, https:\/\/janekleinschmit.art\/wp-content\/uploads\/2022\/04\/Sierra-con-estrellas-III-627x500.jpg 627w\" sizes=\"auto, (max-width: 1024px) 100vw, 1024px\" \/><\/a><\/figure>\n\n\n\n<p class=\"has-text-align-center\"><a href=\"https:\/\/janekleinschmit.art\/de\/portfolio\/landschaft\/\">Landschaften<\/a><\/p>\n\n\n\n<figure class=\"wp-block-image size-large\"><a href=\"https:\/\/janekleinschmit.art\/de\/portfolio\/flora\/\"><img loading=\"lazy\" decoding=\"async\" width=\"1024\" height=\"791\" src=\"https:\/\/janekleinschmit.art\/wp-content\/uploads\/2022\/03\/La-llegada-de-la-primavera-50-x-40-cm.jpg\" alt=\"La llegada de la primavera, 50 x 40 cm, oil on canvas, 2021, (Private collection)\" class=\"wp-image-2492\" srcset=\"https:\/\/janekleinschmit.art\/wp-content\/uploads\/2022\/03\/La-llegada-de-la-primavera-50-x-40-cm.jpg 1024w, https:\/\/janekleinschmit.art\/wp-content\/uploads\/2022\/03\/La-llegada-de-la-primavera-50-x-40-cm-500x386.jpg 500w, https:\/\/janekleinschmit.art\/wp-content\/uploads\/2022\/03\/La-llegada-de-la-primavera-50-x-40-cm-768x593.jpg 768w, https:\/\/janekleinschmit.art\/wp-content\/uploads\/2022\/03\/La-llegada-de-la-primavera-50-x-40-cm-647x500.jpg 647w\" sizes=\"auto, (max-width: 1024px) 100vw, 1024px\" \/><\/a><\/figure>\n\n\n\n<p class=\"has-text-align-center\"><a href=\"https:\/\/janekleinschmit.art\/de\/portfolio\/flora\/\">Flora<\/a><\/p>\n\n\n\n<figure class=\"wp-block-image size-large\"><a href=\"https:\/\/janekleinschmit.art\/de\/portfolio\/stilleben\/\"><img loading=\"lazy\" decoding=\"async\" width=\"751\" height=\"600\" src=\"https:\/\/janekleinschmit.art\/wp-content\/uploads\/2022\/10\/Still-Life-1.jpg\" alt=\"\" class=\"wp-image-3235\" srcset=\"https:\/\/janekleinschmit.art\/wp-content\/uploads\/2022\/10\/Still-Life-1.jpg 751w, https:\/\/janekleinschmit.art\/wp-content\/uploads\/2022\/10\/Still-Life-1-500x399.jpg 500w, https:\/\/janekleinschmit.art\/wp-content\/uploads\/2022\/10\/Still-Life-1-626x500.jpg 626w\" sizes=\"auto, (max-width: 751px) 100vw, 751px\" \/><\/a><\/figure>\n\n\n\n<p class=\"has-text-align-center\"><a href=\"https:\/\/janekleinschmit.art\/de\/portfolio\/stilleben\/\">Stilleben<\/a><\/p>\n\n\n\n<figure class=\"wp-block-image size-full\"><a href=\"https:\/\/janekleinschmit.art\/de\/portfolio\/portraits\/\"><img loading=\"lazy\" decoding=\"async\" width=\"1024\" height=\"933\" src=\"https:\/\/janekleinschmit.art\/wp-content\/uploads\/2025\/05\/Lion-40-x-40-cm-Ol-auf-Leinwand-2019.jpg\" alt=\"\" class=\"wp-image-3916\" srcset=\"https:\/\/janekleinschmit.art\/wp-content\/uploads\/2025\/05\/Lion-40-x-40-cm-Ol-auf-Leinwand-2019.jpg 1024w, https:\/\/janekleinschmit.art\/wp-content\/uploads\/2025\/05\/Lion-40-x-40-cm-Ol-auf-Leinwand-2019-500x456.jpg 500w, https:\/\/janekleinschmit.art\/wp-content\/uploads\/2025\/05\/Lion-40-x-40-cm-Ol-auf-Leinwand-2019-768x700.jpg 768w, https:\/\/janekleinschmit.art\/wp-content\/uploads\/2025\/05\/Lion-40-x-40-cm-Ol-auf-Leinwand-2019-549x500.jpg 549w\" sizes=\"auto, (max-width: 1024px) 100vw, 1024px\" \/><\/a><\/figure>\n\n\n\n<p class=\"has-text-align-center\"><a href=\"https:\/\/janekleinschmit.art\/de\/portfolio\/portraits\/\">Portraits<\/a><\/p>\n\n\n\n<figure class=\"wp-block-image size-full\"><a href=\"https:\/\/janekleinschmit.art\/de\/portfolio\/abstrakt\/\"><img loading=\"lazy\" decoding=\"async\" width=\"1024\" height=\"618\" src=\"https:\/\/janekleinschmit.art\/wp-content\/uploads\/2022\/10\/El-choque-I-55-x-33-cm-Ol-auf-Leinwand-2020.jpg\" alt=\"\" class=\"wp-image-3202\" srcset=\"https:\/\/janekleinschmit.art\/wp-content\/uploads\/2022\/10\/El-choque-I-55-x-33-cm-Ol-auf-Leinwand-2020.jpg 1024w, https:\/\/janekleinschmit.art\/wp-content\/uploads\/2022\/10\/El-choque-I-55-x-33-cm-Ol-auf-Leinwand-2020-500x302.jpg 500w, https:\/\/janekleinschmit.art\/wp-content\/uploads\/2022\/10\/El-choque-I-55-x-33-cm-Ol-auf-Leinwand-2020-768x464.jpg 768w, https:\/\/janekleinschmit.art\/wp-content\/uploads\/2022\/10\/El-choque-I-55-x-33-cm-Ol-auf-Leinwand-2020-828x500.jpg 828w\" sizes=\"auto, (max-width: 1024px) 100vw, 1024px\" \/><\/a><\/figure>\n\n\n\n<p class=\"has-text-align-center\"><a href=\"https:\/\/janekleinschmit.art\/de\/portfolio\/abstrakt\/\">Abstrakt<\/a><\/p>\n<\/div>\n\n\n\n<div class=\"wp-block-column is-layout-flow wp-block-column-is-layout-flow\">\n<figure class=\"wp-block-image size-large\"><a href=\"https:\/\/janekleinschmit.art\/de\/portfolio\/figuren\/\"><img loading=\"lazy\" decoding=\"async\" width=\"757\" height=\"1024\" src=\"https:\/\/janekleinschmit.art\/wp-content\/uploads\/2022\/03\/Vida-cotidiana-80-x-61-cm-757x1024.jpg\" alt=\"Vida cotidiana I, 81 x 60 cm, oil on canvas, 2022 (private collection)\" class=\"wp-image-2475\" srcset=\"https:\/\/janekleinschmit.art\/wp-content\/uploads\/2022\/03\/Vida-cotidiana-80-x-61-cm-757x1024.jpg 757w, https:\/\/janekleinschmit.art\/wp-content\/uploads\/2022\/03\/Vida-cotidiana-80-x-61-cm-370x500.jpg 370w, https:\/\/janekleinschmit.art\/wp-content\/uploads\/2022\/03\/Vida-cotidiana-80-x-61-cm-768x1039.jpg 768w, https:\/\/janekleinschmit.art\/wp-content\/uploads\/2022\/03\/Vida-cotidiana-80-x-61-cm.jpg 887w\" sizes=\"auto, (max-width: 757px) 100vw, 757px\" \/><\/a><\/figure>\n\n\n\n<p class=\"has-text-align-center\"><a href=\"https:\/\/janekleinschmit.art\/de\/portfolio\/figuren\/\">Figuren<\/a><\/p>\n\n\n\n<figure class=\"wp-block-image size-large\"><a href=\"https:\/\/janekleinschmit.art\/de\/portfolio\/strand\/\"><img loading=\"lazy\" decoding=\"async\" width=\"1024\" height=\"638\" src=\"https:\/\/janekleinschmit.art\/wp-content\/uploads\/2022\/03\/Conferencia-en-la-playa-80-x-50-cm.jpg\" alt=\"Conferencia en la playa, 80 x 50 cm, oil on canvas, 2021\" class=\"wp-image-2454\" srcset=\"https:\/\/janekleinschmit.art\/wp-content\/uploads\/2022\/03\/Conferencia-en-la-playa-80-x-50-cm.jpg 1024w, https:\/\/janekleinschmit.art\/wp-content\/uploads\/2022\/03\/Conferencia-en-la-playa-80-x-50-cm-500x312.jpg 500w, https:\/\/janekleinschmit.art\/wp-content\/uploads\/2022\/03\/Conferencia-en-la-playa-80-x-50-cm-768x479.jpg 768w, https:\/\/janekleinschmit.art\/wp-content\/uploads\/2022\/03\/Conferencia-en-la-playa-80-x-50-cm-803x500.jpg 803w\" sizes=\"auto, (max-width: 1024px) 100vw, 1024px\" \/><\/a><\/figure>\n\n\n\n<p class=\"has-text-align-center\"><a href=\"https:\/\/janekleinschmit.art\/de\/portfolio\/strand\/\">Strand<\/a><\/p>\n\n\n\n<figure class=\"wp-block-image size-large\"><a href=\"https:\/\/janekleinschmit.art\/de\/portfolio\/fauna\/\"><img loading=\"lazy\" decoding=\"async\" width=\"500\" height=\"500\" src=\"https:\/\/janekleinschmit.art\/wp-content\/uploads\/2022\/11\/fauna.jpg\" alt=\"\" class=\"wp-image-3336\" srcset=\"https:\/\/janekleinschmit.art\/wp-content\/uploads\/2022\/11\/fauna.jpg 500w, https:\/\/janekleinschmit.art\/wp-content\/uploads\/2022\/11\/fauna-200x200.jpg 200w\" sizes=\"auto, (max-width: 500px) 100vw, 500px\" \/><\/a><\/figure>\n\n\n\n<p class=\"has-text-align-center\"><a href=\"https:\/\/janekleinschmit.art\/de\/portfolio\/fauna\/\">Fauna<\/a><\/p>\n\n\n\n<figure class=\"wp-block-image size-large\"><a href=\"https:\/\/janekleinschmit.art\/de\/portfolio\/granataepfel\/\"><img loading=\"lazy\" decoding=\"async\" width=\"611\" height=\"600\" src=\"https:\/\/janekleinschmit.art\/wp-content\/uploads\/2020\/04\/jane-kleinschmit-n_07-1.jpg\" alt=\"Encuentro II, 20 x 20 cm, mixed media, 2010 (private collection)\" class=\"wp-image-598\" srcset=\"https:\/\/janekleinschmit.art\/wp-content\/uploads\/2020\/04\/jane-kleinschmit-n_07-1.jpg 611w, https:\/\/janekleinschmit.art\/wp-content\/uploads\/2020\/04\/jane-kleinschmit-n_07-1-500x491.jpg 500w, https:\/\/janekleinschmit.art\/wp-content\/uploads\/2020\/04\/jane-kleinschmit-n_07-1-509x500.jpg 509w\" sizes=\"auto, (max-width: 611px) 100vw, 611px\" \/><\/a><\/figure>\n\n\n\n<p class=\"has-text-align-center\"><a href=\"https:\/\/janekleinschmit.art\/de\/portfolio\/granataepfel\/\">Granat\u00e4pfel<\/a><\/p>\n\n\n\n<figure class=\"wp-block-image size-large\"><a href=\"https:\/\/janekleinschmit.art\/de\/portfolio\/keramikskulpturen\/\"><img loading=\"lazy\" decoding=\"async\" width=\"1024\" height=\"768\" src=\"https:\/\/janekleinschmit.art\/wp-content\/uploads\/2020\/06\/IMG_2120.jpg\" alt=\"Keramikskulpturen\" class=\"wp-image-2398\" srcset=\"https:\/\/janekleinschmit.art\/wp-content\/uploads\/2020\/06\/IMG_2120.jpg 1024w, https:\/\/janekleinschmit.art\/wp-content\/uploads\/2020\/06\/IMG_2120-500x375.jpg 500w, https:\/\/janekleinschmit.art\/wp-content\/uploads\/2020\/06\/IMG_2120-768x576.jpg 768w, https:\/\/janekleinschmit.art\/wp-content\/uploads\/2020\/06\/IMG_2120-667x500.jpg 667w\" sizes=\"auto, (max-width: 1024px) 100vw, 1024px\" \/><\/a><\/figure>\n\n\n\n<p class=\"has-text-align-center\"><a href=\"https:\/\/janekleinschmit.art\/de\/portfolio\/keramikskulpturen\/\">Keramikskulpturen<\/a><\/p>\n<\/div>\n<\/div>\n\n\n\n<p><\/p>\n","protected":false},"excerpt":{"rendered":"<p>K\u00fcnstlerstatement Malerei ist f\u00fcr mich ein kontinuierlicher Prozess der Suche nach Sch\u00f6nheit, St\u00e4rke, Sensibilit\u00e4t und Bewegung. Es ist die Explosion von Farben, das Aneinandergeraten von Formen und der Gebrauch expressiver Gesten. Durch das Leben in Spanien ist mir klar geworden, wie sehr meine Malerei eigentlich in der nordeurop\u00e4ischen expressionistischen Tradition verwurzelt ist. Dennoch bekommt sie &#8230; <\/p>\n<p class=\"read-more-container\"><a title=\"\u00dcber Jane Kleinschmit\" class=\"read-more button\" href=\"https:\/\/janekleinschmit.art\/de\/#more-1757\" aria-label=\"Mehr Informationen \u00fcber \u00dcber Jane Kleinschmit\">Weiterlesen &#8230;<\/a><\/p>\n","protected":false},"author":20,"featured_media":0,"parent":0,"menu_order":1,"comment_status":"closed","ping_status":"closed","template":"","meta":{"ngg_post_thumbnail":0,"footnotes":""},"class_list":{"0":"post-1757","1":"page","2":"type-page","3":"status-publish","5":"infinite-scroll-item"},"yoast_head":"<!-- This site is optimized with the Yoast SEO plugin v27.3 - https:\/\/yoast.com\/product\/yoast-seo-wordpress\/ -->\n<title>\u00dcber Jane Kleinschmit &#8211; Jane Kleinschmit<\/title>\n<meta name=\"robots\" content=\"index, follow, max-snippet:-1, max-image-preview:large, max-video-preview:-1\" \/>\n<link rel=\"canonical\" href=\"https:\/\/janekleinschmit.art\/de\/\" \/>\n<meta property=\"og:locale\" content=\"de_DE\" \/>\n<meta property=\"og:type\" content=\"article\" \/>\n<meta property=\"og:title\" content=\"\u00dcber Jane Kleinschmit &#8211; Jane Kleinschmit\" \/>\n<meta property=\"og:description\" content=\"K\u00fcnstlerstatement Malerei ist f\u00fcr mich ein kontinuierlicher Prozess der Suche nach Sch\u00f6nheit, St\u00e4rke, Sensibilit\u00e4t und Bewegung. Es ist die Explosion von Farben, das Aneinandergeraten von Formen und der Gebrauch expressiver Gesten. Durch das Leben in Spanien ist mir klar geworden, wie sehr meine Malerei eigentlich in der nordeurop\u00e4ischen expressionistischen Tradition verwurzelt ist. Dennoch bekommt sie ... Weiterlesen ...\" \/>\n<meta property=\"og:url\" content=\"https:\/\/janekleinschmit.art\/de\/\" \/>\n<meta property=\"og:site_name\" content=\"Jane Kleinschmit\" \/>\n<meta property=\"article:modified_time\" content=\"2025-12-28T15:06:17+00:00\" \/>\n<meta property=\"og:image\" content=\"https:\/\/janekleinschmit.art\/wp-content\/uploads\/2022\/10\/Olas-con-horizonte-114-x-114-cm.jpg\" \/>\n<meta name=\"twitter:card\" content=\"summary_large_image\" \/>\n<meta name=\"twitter:label1\" content=\"Gesch\u00e4tzte Lesezeit\" \/>\n\t<meta name=\"twitter:data1\" content=\"4\u00a0Minuten\" \/>\n<script type=\"application\/ld+json\" class=\"yoast-schema-graph\">{\"@context\":\"https:\\\/\\\/schema.org\",\"@graph\":[{\"@type\":\"WebPage\",\"@id\":\"https:\\\/\\\/janekleinschmit.art\\\/de\\\/\",\"url\":\"https:\\\/\\\/janekleinschmit.art\\\/de\\\/\",\"name\":\"\u00dcber Jane Kleinschmit &#8211; Jane Kleinschmit\",\"isPartOf\":{\"@id\":\"https:\\\/\\\/janekleinschmit.art\\\/de\\\/#website\"},\"primaryImageOfPage\":{\"@id\":\"https:\\\/\\\/janekleinschmit.art\\\/de\\\/#primaryimage\"},\"image\":{\"@id\":\"https:\\\/\\\/janekleinschmit.art\\\/de\\\/#primaryimage\"},\"thumbnailUrl\":\"https:\\\/\\\/janekleinschmit.art\\\/wp-content\\\/uploads\\\/2022\\\/10\\\/Olas-con-horizonte-114-x-114-cm.jpg\",\"datePublished\":\"2019-10-22T10:13:21+00:00\",\"dateModified\":\"2025-12-28T15:06:17+00:00\",\"breadcrumb\":{\"@id\":\"https:\\\/\\\/janekleinschmit.art\\\/de\\\/#breadcrumb\"},\"inLanguage\":\"de\",\"potentialAction\":[{\"@type\":\"ReadAction\",\"target\":[\"https:\\\/\\\/janekleinschmit.art\\\/de\\\/\"]}]},{\"@type\":\"ImageObject\",\"inLanguage\":\"de\",\"@id\":\"https:\\\/\\\/janekleinschmit.art\\\/de\\\/#primaryimage\",\"url\":\"https:\\\/\\\/janekleinschmit.art\\\/wp-content\\\/uploads\\\/2022\\\/10\\\/Olas-con-horizonte-114-x-114-cm.jpg\",\"contentUrl\":\"https:\\\/\\\/janekleinschmit.art\\\/wp-content\\\/uploads\\\/2022\\\/10\\\/Olas-con-horizonte-114-x-114-cm.jpg\"},{\"@type\":\"BreadcrumbList\",\"@id\":\"https:\\\/\\\/janekleinschmit.art\\\/de\\\/#breadcrumb\",\"itemListElement\":[{\"@type\":\"ListItem\",\"position\":1,\"name\":\"Home\",\"item\":\"https:\\\/\\\/janekleinschmit.art\\\/de\\\/\"},{\"@type\":\"ListItem\",\"position\":2,\"name\":\"\u00dcber Jane Kleinschmit\"}]},{\"@type\":\"WebSite\",\"@id\":\"https:\\\/\\\/janekleinschmit.art\\\/de\\\/#website\",\"url\":\"https:\\\/\\\/janekleinschmit.art\\\/de\\\/\",\"name\":\"Jane Kleinschmit\",\"description\":\"Artist&#039;s Portfolio\",\"publisher\":{\"@id\":\"https:\\\/\\\/janekleinschmit.art\\\/de\\\/#\\\/schema\\\/person\\\/065448c18d216d5e36d6013ebc81e116\"},\"potentialAction\":[{\"@type\":\"SearchAction\",\"target\":{\"@type\":\"EntryPoint\",\"urlTemplate\":\"https:\\\/\\\/janekleinschmit.art\\\/de\\\/?s={search_term_string}\"},\"query-input\":{\"@type\":\"PropertyValueSpecification\",\"valueRequired\":true,\"valueName\":\"search_term_string\"}}],\"inLanguage\":\"de\"},{\"@type\":[\"Person\",\"Organization\"],\"@id\":\"https:\\\/\\\/janekleinschmit.art\\\/de\\\/#\\\/schema\\\/person\\\/065448c18d216d5e36d6013ebc81e116\",\"name\":\"janekk\",\"image\":{\"@type\":\"ImageObject\",\"inLanguage\":\"de\",\"@id\":\"https:\\\/\\\/secure.gravatar.com\\\/avatar\\\/b68e50b68c22c36691f5f4814d5d14b8cff5e8b1358ac6b191f554ccf0a88ed0?s=96&d=mm&r=g\",\"url\":\"https:\\\/\\\/secure.gravatar.com\\\/avatar\\\/b68e50b68c22c36691f5f4814d5d14b8cff5e8b1358ac6b191f554ccf0a88ed0?s=96&d=mm&r=g\",\"contentUrl\":\"https:\\\/\\\/secure.gravatar.com\\\/avatar\\\/b68e50b68c22c36691f5f4814d5d14b8cff5e8b1358ac6b191f554ccf0a88ed0?s=96&d=mm&r=g\",\"caption\":\"janekk\"},\"logo\":{\"@id\":\"https:\\\/\\\/secure.gravatar.com\\\/avatar\\\/b68e50b68c22c36691f5f4814d5d14b8cff5e8b1358ac6b191f554ccf0a88ed0?s=96&d=mm&r=g\"}}]}<\/script>\n<!-- \/ Yoast SEO plugin. -->","yoast_head_json":{"title":"\u00dcber Jane Kleinschmit &#8211; Jane Kleinschmit","robots":{"index":"index","follow":"follow","max-snippet":"max-snippet:-1","max-image-preview":"max-image-preview:large","max-video-preview":"max-video-preview:-1"},"canonical":"https:\/\/janekleinschmit.art\/de\/","og_locale":"de_DE","og_type":"article","og_title":"\u00dcber Jane Kleinschmit &#8211; Jane Kleinschmit","og_description":"K\u00fcnstlerstatement Malerei ist f\u00fcr mich ein kontinuierlicher Prozess der Suche nach Sch\u00f6nheit, St\u00e4rke, Sensibilit\u00e4t und Bewegung. Es ist die Explosion von Farben, das Aneinandergeraten von Formen und der Gebrauch expressiver Gesten. Durch das Leben in Spanien ist mir klar geworden, wie sehr meine Malerei eigentlich in der nordeurop\u00e4ischen expressionistischen Tradition verwurzelt ist. Dennoch bekommt sie ... Weiterlesen ...","og_url":"https:\/\/janekleinschmit.art\/de\/","og_site_name":"Jane Kleinschmit","article_modified_time":"2025-12-28T15:06:17+00:00","og_image":[{"url":"https:\/\/janekleinschmit.art\/wp-content\/uploads\/2022\/10\/Olas-con-horizonte-114-x-114-cm.jpg","type":"","width":"","height":""}],"twitter_card":"summary_large_image","twitter_misc":{"Gesch\u00e4tzte Lesezeit":"4\u00a0Minuten"},"schema":{"@context":"https:\/\/schema.org","@graph":[{"@type":"WebPage","@id":"https:\/\/janekleinschmit.art\/de\/","url":"https:\/\/janekleinschmit.art\/de\/","name":"\u00dcber Jane Kleinschmit &#8211; Jane Kleinschmit","isPartOf":{"@id":"https:\/\/janekleinschmit.art\/de\/#website"},"primaryImageOfPage":{"@id":"https:\/\/janekleinschmit.art\/de\/#primaryimage"},"image":{"@id":"https:\/\/janekleinschmit.art\/de\/#primaryimage"},"thumbnailUrl":"https:\/\/janekleinschmit.art\/wp-content\/uploads\/2022\/10\/Olas-con-horizonte-114-x-114-cm.jpg","datePublished":"2019-10-22T10:13:21+00:00","dateModified":"2025-12-28T15:06:17+00:00","breadcrumb":{"@id":"https:\/\/janekleinschmit.art\/de\/#breadcrumb"},"inLanguage":"de","potentialAction":[{"@type":"ReadAction","target":["https:\/\/janekleinschmit.art\/de\/"]}]},{"@type":"ImageObject","inLanguage":"de","@id":"https:\/\/janekleinschmit.art\/de\/#primaryimage","url":"https:\/\/janekleinschmit.art\/wp-content\/uploads\/2022\/10\/Olas-con-horizonte-114-x-114-cm.jpg","contentUrl":"https:\/\/janekleinschmit.art\/wp-content\/uploads\/2022\/10\/Olas-con-horizonte-114-x-114-cm.jpg"},{"@type":"BreadcrumbList","@id":"https:\/\/janekleinschmit.art\/de\/#breadcrumb","itemListElement":[{"@type":"ListItem","position":1,"name":"Home","item":"https:\/\/janekleinschmit.art\/de\/"},{"@type":"ListItem","position":2,"name":"\u00dcber Jane Kleinschmit"}]},{"@type":"WebSite","@id":"https:\/\/janekleinschmit.art\/de\/#website","url":"https:\/\/janekleinschmit.art\/de\/","name":"Jane Kleinschmit","description":"Artist&#039;s Portfolio","publisher":{"@id":"https:\/\/janekleinschmit.art\/de\/#\/schema\/person\/065448c18d216d5e36d6013ebc81e116"},"potentialAction":[{"@type":"SearchAction","target":{"@type":"EntryPoint","urlTemplate":"https:\/\/janekleinschmit.art\/de\/?s={search_term_string}"},"query-input":{"@type":"PropertyValueSpecification","valueRequired":true,"valueName":"search_term_string"}}],"inLanguage":"de"},{"@type":["Person","Organization"],"@id":"https:\/\/janekleinschmit.art\/de\/#\/schema\/person\/065448c18d216d5e36d6013ebc81e116","name":"janekk","image":{"@type":"ImageObject","inLanguage":"de","@id":"https:\/\/secure.gravatar.com\/avatar\/b68e50b68c22c36691f5f4814d5d14b8cff5e8b1358ac6b191f554ccf0a88ed0?s=96&d=mm&r=g","url":"https:\/\/secure.gravatar.com\/avatar\/b68e50b68c22c36691f5f4814d5d14b8cff5e8b1358ac6b191f554ccf0a88ed0?s=96&d=mm&r=g","contentUrl":"https:\/\/secure.gravatar.com\/avatar\/b68e50b68c22c36691f5f4814d5d14b8cff5e8b1358ac6b191f554ccf0a88ed0?s=96&d=mm&r=g","caption":"janekk"},"logo":{"@id":"https:\/\/secure.gravatar.com\/avatar\/b68e50b68c22c36691f5f4814d5d14b8cff5e8b1358ac6b191f554ccf0a88ed0?s=96&d=mm&r=g"}}]}},"_links":{"self":[{"href":"https:\/\/janekleinschmit.art\/de\/wp-json\/wp\/v2\/pages\/1757","targetHints":{"allow":["GET"]}}],"collection":[{"href":"https:\/\/janekleinschmit.art\/de\/wp-json\/wp\/v2\/pages"}],"about":[{"href":"https:\/\/janekleinschmit.art\/de\/wp-json\/wp\/v2\/types\/page"}],"author":[{"embeddable":true,"href":"https:\/\/janekleinschmit.art\/de\/wp-json\/wp\/v2\/users\/20"}],"replies":[{"embeddable":true,"href":"https:\/\/janekleinschmit.art\/de\/wp-json\/wp\/v2\/comments?post=1757"}],"version-history":[{"count":19,"href":"https:\/\/janekleinschmit.art\/de\/wp-json\/wp\/v2\/pages\/1757\/revisions"}],"predecessor-version":[{"id":5254,"href":"https:\/\/janekleinschmit.art\/de\/wp-json\/wp\/v2\/pages\/1757\/revisions\/5254"}],"wp:attachment":[{"href":"https:\/\/janekleinschmit.art\/de\/wp-json\/wp\/v2\/media?parent=1757"}],"curies":[{"name":"wp","href":"https:\/\/api.w.org\/{rel}","templated":true}]}}