{"id":1764,"date":"2020-05-16T19:14:40","date_gmt":"2020-05-16T17:14:40","guid":{"rendered":"https:\/\/janekleinschmit.art\/?page_id=1764"},"modified":"2023-10-31T12:29:31","modified_gmt":"2023-10-31T11:29:31","slug":"kontakt","status":"publish","type":"page","link":"https:\/\/janekleinschmit.art\/de\/kontakt\/","title":{"rendered":"Kontakt"},"content":{"rendered":"<div  class=\"lgc-column lgc-grid-parent lgc-grid-50 lgc-tablet-grid-50 lgc-mobile-grid-100 lgc-equal-heights \"><div  class=\"inside-grid-column\">\n<p>Sie k\u00f6nnen gerne einen Kommentar abgeben. Ich w\u00fcrde mich freuen, von Ihnen zu h\u00f6ren und werde mich so bald wie m\u00f6glich bei Ihnen melden.<\/p>\n<p>Jane Kleinschmit<\/p>\n<p>Wildaustr. 19<br \/>\nD-63457 Hanau<\/p>\n<p>Internet: <a href=\"http:\/\/www.janekleinschmit.net\">www.janekleinschmit.art<\/a><br \/>\nPhone: 0049 (0)176 32924659 (mobile)<\/p>\n<p><img loading=\"lazy\" decoding=\"async\" class=\"alignnone size-thumbnail wp-image-1148\" src=\"http:\/\/janekleinschmit.art\/wp-content\/uploads\/sites\/22\/2020\/04\/jane-kleinschmit-expo_2019_18-200x200.jpg\" alt=\"\" width=\"300\" height=\"300\" srcset=\"https:\/\/janekleinschmit.art\/wp-content\/uploads\/2020\/04\/jane-kleinschmit-expo_2019_18-200x200.jpg 200w, https:\/\/janekleinschmit.art\/wp-content\/uploads\/2020\/04\/jane-kleinschmit-expo_2019_18-500x500.jpg 500w\" sizes=\"auto, (max-width: 300px) 100vw, 300px\" \/><\/p>\n<p><\/p><\/div><\/div>\n<div  class=\"lgc-column lgc-grid-parent lgc-grid-50 lgc-tablet-grid-50 lgc-mobile-grid-100 lgc-equal-heights \"><div  class=\"inside-grid-column\"><script type=\"text\/javascript\">var gform;gform||(document.addEventListener(\"gform_main_scripts_loaded\",function(){gform.scriptsLoaded=!0}),window.addEventListener(\"DOMContentLoaded\",function(){gform.domLoaded=!0}),gform={domLoaded:!1,scriptsLoaded:!1,initializeOnLoaded:function(o){gform.domLoaded&&gform.scriptsLoaded?o():!gform.domLoaded&&gform.scriptsLoaded?window.addEventListener(\"DOMContentLoaded\",o):document.addEventListener(\"gform_main_scripts_loaded\",o)},hooks:{action:{},filter:{}},addAction:function(o,n,r,t){gform.addHook(\"action\",o,n,r,t)},addFilter:function(o,n,r,t){gform.addHook(\"filter\",o,n,r,t)},doAction:function(o){gform.doHook(\"action\",o,arguments)},applyFilters:function(o){return gform.doHook(\"filter\",o,arguments)},removeAction:function(o,n){gform.removeHook(\"action\",o,n)},removeFilter:function(o,n,r){gform.removeHook(\"filter\",o,n,r)},addHook:function(o,n,r,t,i){null==gform.hooks[o][n]&&(gform.hooks[o][n]=[]);var e=gform.hooks[o][n];null==i&&(i=n+\"_\"+e.length),gform.hooks[o][n].push({tag:i,callable:r,priority:t=null==t?10:t})},doHook:function(n,o,r){var t;if(r=Array.prototype.slice.call(r,1),null!=gform.hooks[n][o]&&((o=gform.hooks[n][o]).sort(function(o,n){return o.priority-n.priority}),o.forEach(function(o){\"function\"!=typeof(t=o.callable)&&(t=window[t]),\"action\"==n?t.apply(null,r):r[0]=t.apply(null,r)})),\"filter\"==n)return r[0]},removeHook:function(o,n,t,i){var r;null!=gform.hooks[o][n]&&(r=(r=gform.hooks[o][n]).filter(function(o,n,r){return!!(null!=i&&i!=o.tag||null!=t&&t!=o.priority)}),gform.hooks[o][n]=r)}});<\/script>\n                <div class='gf_browser_gecko gform_wrapper gform_legacy_markup_wrapper gform-theme--no-framework' data-form-theme='legacy' data-form-index='0' id='gform_wrapper_1'><div id='gf_1' class='gform_anchor' tabindex='-1'><\/div>\n                        <div class='gform_heading'>\n                            <h3 class=\"gform_title\">Kontakt Formular<\/h3>\n                            <p class='gform_description'><\/p>\n                        <\/div><form method='post' enctype='multipart\/form-data' target='gform_ajax_frame_1' id='gform_1'  action='\/de\/wp-json\/wp\/v2\/pages\/1764#gf_1' data-formid='1' novalidate>\n                        <div class='gform-body gform_body'><ul id='gform_fields_1' class='gform_fields top_label form_sublabel_below description_below'><li id=\"field_1_2\" class=\"gfield gfield--type-text gfield_contains_required field_sublabel_below gfield--no-description field_description_below gfield_visibility_visible\"  data-js-reload=\"field_1_2\"><label class='gfield_label gform-field-label' for='input_1_2'>Dein Name<span class=\"gfield_required\"><span class=\"gfield_required gfield_required_asterisk\">*<\/span><\/span><\/label><div class='ginput_container ginput_container_text'><input name='input_2' id='input_1_2' type='text' value='' class='large'    placeholder='Dein Name' aria-required=\"true\" aria-invalid=\"false\"   \/> <\/div><\/li><li id=\"field_1_3\" class=\"gfield gfield--type-email gfield_contains_required field_sublabel_below gfield--no-description field_description_below gfield_visibility_visible\"  data-js-reload=\"field_1_3\"><label class='gfield_label gform-field-label' for='input_1_3'>Deine E-Mail<span class=\"gfield_required\"><span class=\"gfield_required gfield_required_asterisk\">*<\/span><\/span><\/label><div class='ginput_container ginput_container_email'>\n                            <input name='input_3' id='input_1_3' type='email' value='' class='large'   placeholder='yourname@example.com' aria-required=\"true\" aria-invalid=\"false\"  \/>\n                        <\/div><\/li><li id=\"field_1_5\" class=\"gfield gfield--type-textarea gfield_contains_required field_sublabel_below gfield--no-description field_description_below gfield_visibility_visible\"  data-js-reload=\"field_1_5\"><label class='gfield_label gform-field-label' for='input_1_5'>Deine Nachricht<span class=\"gfield_required\"><span class=\"gfield_required gfield_required_asterisk\">*<\/span><\/span><\/label><div class='ginput_container ginput_container_textarea'><textarea name='input_5' id='input_1_5' class='textarea large'     aria-required=\"true\" aria-invalid=\"false\"   rows='10' cols='50'><\/textarea><\/div><\/li><li id=\"field_1_4\" class=\"gfield gfield--type-captcha field_sublabel_below gfield--no-description field_description_below hidden_label gfield_visibility_visible\"  data-js-reload=\"field_1_4\"><label class='gfield_label gform-field-label' for='input_1_4'>Captcha<\/label><div id='input_1_4' class='ginput_container ginput_recaptcha' data-sitekey='6LfGcvEUAAAAAPRYprx9UcqN6yekc2H-xY7uSTVe'  data-theme='light' data-tabindex='-1' data-size='invisible' data-badge='bottomright'><\/div><\/li><li id=\"field_1_6\" class=\"gfield gfield--type-consent gfield--type-choice gfield--input-type-consent gfield_contains_required field_sublabel_below gfield--has-description field_description_below gfield_visibility_visible\"  data-js-reload=\"field_1_6\"><label class='gfield_label gform-field-label gfield_label_before_complex'>Zustimmung<span class=\"gfield_required\"><span class=\"gfield_required gfield_required_asterisk\">*<\/span><\/span><\/label><div class='ginput_container ginput_container_consent'><input name='input_6.1' id='input_1_6_1' type='checkbox' value='1'  aria-describedby=\"gfield_consent_description_1_6\" aria-required=\"true\" aria-invalid=\"false\"   \/> <label class=\"gform-field-label gform-field-label--type-inline gfield_consent_label\" for='input_1_6_1'>Ja, ich stimme den Datenschutzbestimmungen von Jane zu.<\/label><input type='hidden' name='input_6.2' value='Ja, ich stimme den Datenschutzbestimmungen von Jane zu.' class='gform_hidden' \/><input type='hidden' name='input_6.3' value='2' class='gform_hidden' \/><\/div><div class='gfield_description gfield_consent_description' id='gfield_consent_description_1_6'>Ihre Privatsph\u00e4re ist mir wichtig. Ich bewahre Ihre Daten f\u00fcr einen nicht genannten Zeitraum in meiner Datenbank und meinem E-Mail-Ordner auf, verwende sie jedoch nicht f\u00fcr Marketingzwecke.<\/div><\/li><li id=\"field_1_7\" class=\"gfield gfield--type-honeypot gform_validation_container field_sublabel_below gfield--has-description field_description_below gfield_visibility_visible\"  data-js-reload=\"field_1_7\"><label class='gfield_label gform-field-label' for='input_1_7'>Phone<\/label><div class='ginput_container'><input name='input_7' id='input_1_7' type='text' value='' autocomplete='new-password'\/><\/div><div class='gfield_description' id='gfield_description_1_7'>This field is for validation purposes and should be left unchanged.<\/div><\/li><\/ul><\/div>\n        <div class='gform_footer top_label'> <input type='submit' id='gform_submit_button_1' class='gform_button button' value='Senden'  onclick='if(window[\"gf_submitting_1\"]){return false;}  if( !jQuery(\"#gform_1\")[0].checkValidity || jQuery(\"#gform_1\")[0].checkValidity()){window[\"gf_submitting_1\"]=true;}  ' onkeypress='if( event.keyCode == 13 ){ if(window[\"gf_submitting_1\"]){return false;} if( !jQuery(\"#gform_1\")[0].checkValidity || jQuery(\"#gform_1\")[0].checkValidity()){window[\"gf_submitting_1\"]=true;}  jQuery(\"#gform_1\").trigger(\"submit\",[true]); }' \/> <input type='hidden' name='gform_ajax' value='form_id=1&amp;title=1&amp;description=1&amp;tabindex=0&amp;theme=data-form-theme=&#039;legacy&#039;' \/>\n            <input type='hidden' class='gform_hidden' name='is_submit_1' value='1' \/>\n            <input type='hidden' class='gform_hidden' name='gform_submit' value='1' \/>\n            \n            <input type='hidden' class='gform_hidden' name='gform_unique_id' value='' \/>\n            <input type='hidden' class='gform_hidden' name='state_1' value='WyJ7XCI2LjFcIjpcIjQ1NTQ2YTkyNGVkYzJiMTM5NDRmOWE5MGYxZTU0YTMyXCIsXCI2LjJcIjpcIjFhYTg3YmZlNDE3OTVmZjhmMWM1MDk3MDE5MWIwMjdhXCIsXCI2LjNcIjpcIjNhMTYzZDFjN2M4M2RhZjIyZGFiNjQ5NzJhODFhNTM5XCJ9IiwiM2Q0MWQ4ZWZiNDI2Yzc1NjgyZjQ3ODM5ODY3Yzg4MzciXQ==' \/>\n            <input type='hidden' class='gform_hidden' name='gform_target_page_number_1' id='gform_target_page_number_1' value='0' \/>\n            <input type='hidden' class='gform_hidden' name='gform_source_page_number_1' id='gform_source_page_number_1' value='1' \/>\n            <input type='hidden' name='gform_field_values' value='' \/>\n            \n        <\/div>\n                        <p style=\"display: none !important;\" class=\"akismet-fields-container\" data-prefix=\"ak_\"><label>&#916;<textarea name=\"ak_hp_textarea\" cols=\"45\" rows=\"8\" maxlength=\"100\"><\/textarea><\/label><input type=\"hidden\" id=\"ak_js_1\" name=\"ak_js\" value=\"14\"\/><script>document.getElementById( \"ak_js_1\" ).setAttribute( \"value\", ( new Date() ).getTime() );<\/script><\/p><\/form>\n                        <\/div>\n\t\t                <iframe style='display:none;width:0px;height:0px;' src='about:blank' name='gform_ajax_frame_1' id='gform_ajax_frame_1' title='This iframe contains the logic required to handle Ajax powered Gravity Forms.'><\/iframe>\n\t\t                <script>\ngform.initializeOnLoaded( function() {gformInitSpinner( 1, 'https:\/\/janekleinschmit.art\/wp-content\/plugins\/gravityforms\/images\/spinner.svg', true );jQuery('#gform_ajax_frame_1').on('load',function(){var contents = jQuery(this).contents().find('*').html();var is_postback = contents.indexOf('GF_AJAX_POSTBACK') >= 0;if(!is_postback){return;}var form_content = jQuery(this).contents().find('#gform_wrapper_1');var is_confirmation = jQuery(this).contents().find('#gform_confirmation_wrapper_1').length > 0;var is_redirect = contents.indexOf('gformRedirect(){') >= 0;var is_form = form_content.length > 0 && ! is_redirect && ! is_confirmation;var mt = parseInt(jQuery('html').css('margin-top'), 10) + parseInt(jQuery('body').css('margin-top'), 10) + 100;if(is_form){jQuery('#gform_wrapper_1').html(form_content.html());if(form_content.hasClass('gform_validation_error')){jQuery('#gform_wrapper_1').addClass('gform_validation_error');} else {jQuery('#gform_wrapper_1').removeClass('gform_validation_error');}setTimeout( function() { \/* delay the scroll by 50 milliseconds to fix a bug in chrome *\/ jQuery(document).scrollTop(jQuery('#gform_wrapper_1').offset().top - mt); }, 50 );if(window['gformInitDatepicker']) {gformInitDatepicker();}if(window['gformInitPriceFields']) {gformInitPriceFields();}var current_page = jQuery('#gform_source_page_number_1').val();gformInitSpinner( 1, 'https:\/\/janekleinschmit.art\/wp-content\/plugins\/gravityforms\/images\/spinner.svg', true );jQuery(document).trigger('gform_page_loaded', [1, current_page]);window['gf_submitting_1'] = false;}else if(!is_redirect){var confirmation_content = jQuery(this).contents().find('.GF_AJAX_POSTBACK').html();if(!confirmation_content){confirmation_content = contents;}setTimeout(function(){jQuery('#gform_wrapper_1').replaceWith(confirmation_content);jQuery(document).scrollTop(jQuery('#gf_1').offset().top - mt);jQuery(document).trigger('gform_confirmation_loaded', [1]);window['gf_submitting_1'] = false;wp.a11y.speak(jQuery('#gform_confirmation_message_1').text());}, 50);}else{jQuery('#gform_1').append(contents);if(window['gformRedirect']) {gformRedirect();}}jQuery(document).trigger('gform_post_render', [1, current_page]);gform.utils.trigger({ event: 'gform\/postRender', native: false, data: { formId: 1, currentPage: current_page } });} );} );\n<\/script>\n<\/div><\/div><div class=\"lgc-clear\"><\/div>\n","protected":false},"excerpt":{"rendered":"","protected":false},"author":20,"featured_media":0,"parent":0,"menu_order":6,"comment_status":"closed","ping_status":"closed","template":"","meta":{"ngg_post_thumbnail":0,"footnotes":""},"class_list":{"0":"post-1764","1":"page","2":"type-page","3":"status-publish","5":"infinite-scroll-item"},"yoast_head":"<!-- This site is optimized with the Yoast SEO plugin v27.4 - https:\/\/yoast.com\/product\/yoast-seo-wordpress\/ -->\n<title>Kontakt &#8211; Jane Kleinschmit<\/title>\n<meta name=\"description\" content=\"Ich bin ein bildender K\u00fcnstler. Ich w\u00fcrde mich freuen, von Ihnen zu h\u00f6ren, egal ob Sie meine Kunst kommentieren oder einfach nur Hallo sagen m\u00f6chten!\" \/>\n<meta name=\"robots\" content=\"index, follow, max-snippet:-1, max-image-preview:large, max-video-preview:-1\" \/>\n<link rel=\"canonical\" href=\"https:\/\/janekleinschmit.art\/de\/kontakt\/\" \/>\n<meta property=\"og:locale\" content=\"de_DE\" \/>\n<meta property=\"og:type\" content=\"article\" \/>\n<meta property=\"og:title\" content=\"Kontakt &#8211; Jane Kleinschmit\" \/>\n<meta property=\"og:description\" content=\"Ich bin ein bildender K\u00fcnstler. Ich w\u00fcrde mich freuen, von Ihnen zu h\u00f6ren, egal ob Sie meine Kunst kommentieren oder einfach nur Hallo sagen m\u00f6chten!\" \/>\n<meta property=\"og:url\" content=\"https:\/\/janekleinschmit.art\/de\/kontakt\/\" \/>\n<meta property=\"og:site_name\" content=\"Jane Kleinschmit\" \/>\n<meta property=\"article:modified_time\" content=\"2023-10-31T11:29:31+00:00\" \/>\n<meta property=\"og:image\" content=\"http:\/\/janekleinschmit.art\/wp-content\/uploads\/sites\/22\/2020\/04\/jane-kleinschmit-expo_2019_18-200x200.jpg\" \/>\n<meta name=\"twitter:card\" content=\"summary_large_image\" \/>\n<meta name=\"twitter:label1\" content=\"Gesch\u00e4tzte Lesezeit\" \/>\n\t<meta name=\"twitter:data1\" content=\"1\u00a0Minute\" \/>\n<script type=\"application\/ld+json\" class=\"yoast-schema-graph\">{\"@context\":\"https:\\\/\\\/schema.org\",\"@graph\":[{\"@type\":\"WebPage\",\"@id\":\"https:\\\/\\\/janekleinschmit.art\\\/de\\\/kontakt\\\/\",\"url\":\"https:\\\/\\\/janekleinschmit.art\\\/de\\\/kontakt\\\/\",\"name\":\"Kontakt &#8211; Jane Kleinschmit\",\"isPartOf\":{\"@id\":\"https:\\\/\\\/janekleinschmit.art\\\/de\\\/#website\"},\"primaryImageOfPage\":{\"@id\":\"https:\\\/\\\/janekleinschmit.art\\\/de\\\/kontakt\\\/#primaryimage\"},\"image\":{\"@id\":\"https:\\\/\\\/janekleinschmit.art\\\/de\\\/kontakt\\\/#primaryimage\"},\"thumbnailUrl\":\"http:\\\/\\\/janekleinschmit.art\\\/wp-content\\\/uploads\\\/sites\\\/22\\\/2020\\\/04\\\/jane-kleinschmit-expo_2019_18-200x200.jpg\",\"datePublished\":\"2020-05-16T17:14:40+00:00\",\"dateModified\":\"2023-10-31T11:29:31+00:00\",\"description\":\"Ich bin ein bildender K\u00fcnstler. Ich w\u00fcrde mich freuen, von Ihnen zu h\u00f6ren, egal ob Sie meine Kunst kommentieren oder einfach nur Hallo sagen m\u00f6chten!\",\"breadcrumb\":{\"@id\":\"https:\\\/\\\/janekleinschmit.art\\\/de\\\/kontakt\\\/#breadcrumb\"},\"inLanguage\":\"de\",\"potentialAction\":[{\"@type\":\"ReadAction\",\"target\":[\"https:\\\/\\\/janekleinschmit.art\\\/de\\\/kontakt\\\/\"]}]},{\"@type\":\"ImageObject\",\"inLanguage\":\"de\",\"@id\":\"https:\\\/\\\/janekleinschmit.art\\\/de\\\/kontakt\\\/#primaryimage\",\"url\":\"http:\\\/\\\/janekleinschmit.art\\\/wp-content\\\/uploads\\\/sites\\\/22\\\/2020\\\/04\\\/jane-kleinschmit-expo_2019_18-200x200.jpg\",\"contentUrl\":\"http:\\\/\\\/janekleinschmit.art\\\/wp-content\\\/uploads\\\/sites\\\/22\\\/2020\\\/04\\\/jane-kleinschmit-expo_2019_18-200x200.jpg\"},{\"@type\":\"BreadcrumbList\",\"@id\":\"https:\\\/\\\/janekleinschmit.art\\\/de\\\/kontakt\\\/#breadcrumb\",\"itemListElement\":[{\"@type\":\"ListItem\",\"position\":1,\"name\":\"Home\",\"item\":\"https:\\\/\\\/janekleinschmit.art\\\/de\\\/\"},{\"@type\":\"ListItem\",\"position\":2,\"name\":\"Kontakt\"}]},{\"@type\":\"WebSite\",\"@id\":\"https:\\\/\\\/janekleinschmit.art\\\/de\\\/#website\",\"url\":\"https:\\\/\\\/janekleinschmit.art\\\/de\\\/\",\"name\":\"Jane Kleinschmit\",\"description\":\"Artist&#039;s Portfolio\",\"publisher\":{\"@id\":\"https:\\\/\\\/janekleinschmit.art\\\/de\\\/#\\\/schema\\\/person\\\/065448c18d216d5e36d6013ebc81e116\"},\"potentialAction\":[{\"@type\":\"SearchAction\",\"target\":{\"@type\":\"EntryPoint\",\"urlTemplate\":\"https:\\\/\\\/janekleinschmit.art\\\/de\\\/?s={search_term_string}\"},\"query-input\":{\"@type\":\"PropertyValueSpecification\",\"valueRequired\":true,\"valueName\":\"search_term_string\"}}],\"inLanguage\":\"de\"},{\"@type\":[\"Person\",\"Organization\"],\"@id\":\"https:\\\/\\\/janekleinschmit.art\\\/de\\\/#\\\/schema\\\/person\\\/065448c18d216d5e36d6013ebc81e116\",\"name\":\"janekk\",\"image\":{\"@type\":\"ImageObject\",\"inLanguage\":\"de\",\"@id\":\"https:\\\/\\\/secure.gravatar.com\\\/avatar\\\/b68e50b68c22c36691f5f4814d5d14b8cff5e8b1358ac6b191f554ccf0a88ed0?s=96&d=mm&r=g\",\"url\":\"https:\\\/\\\/secure.gravatar.com\\\/avatar\\\/b68e50b68c22c36691f5f4814d5d14b8cff5e8b1358ac6b191f554ccf0a88ed0?s=96&d=mm&r=g\",\"contentUrl\":\"https:\\\/\\\/secure.gravatar.com\\\/avatar\\\/b68e50b68c22c36691f5f4814d5d14b8cff5e8b1358ac6b191f554ccf0a88ed0?s=96&d=mm&r=g\",\"caption\":\"janekk\"},\"logo\":{\"@id\":\"https:\\\/\\\/secure.gravatar.com\\\/avatar\\\/b68e50b68c22c36691f5f4814d5d14b8cff5e8b1358ac6b191f554ccf0a88ed0?s=96&d=mm&r=g\"}}]}<\/script>\n<!-- \/ Yoast SEO plugin. -->","yoast_head_json":{"title":"Kontakt &#8211; Jane Kleinschmit","description":"Ich bin ein bildender K\u00fcnstler. Ich w\u00fcrde mich freuen, von Ihnen zu h\u00f6ren, egal ob Sie meine Kunst kommentieren oder einfach nur Hallo sagen m\u00f6chten!","robots":{"index":"index","follow":"follow","max-snippet":"max-snippet:-1","max-image-preview":"max-image-preview:large","max-video-preview":"max-video-preview:-1"},"canonical":"https:\/\/janekleinschmit.art\/de\/kontakt\/","og_locale":"de_DE","og_type":"article","og_title":"Kontakt &#8211; Jane Kleinschmit","og_description":"Ich bin ein bildender K\u00fcnstler. Ich w\u00fcrde mich freuen, von Ihnen zu h\u00f6ren, egal ob Sie meine Kunst kommentieren oder einfach nur Hallo sagen m\u00f6chten!","og_url":"https:\/\/janekleinschmit.art\/de\/kontakt\/","og_site_name":"Jane Kleinschmit","article_modified_time":"2023-10-31T11:29:31+00:00","og_image":[{"url":"http:\/\/janekleinschmit.art\/wp-content\/uploads\/sites\/22\/2020\/04\/jane-kleinschmit-expo_2019_18-200x200.jpg","type":"","width":"","height":""}],"twitter_card":"summary_large_image","twitter_misc":{"Gesch\u00e4tzte Lesezeit":"1\u00a0Minute"},"schema":{"@context":"https:\/\/schema.org","@graph":[{"@type":"WebPage","@id":"https:\/\/janekleinschmit.art\/de\/kontakt\/","url":"https:\/\/janekleinschmit.art\/de\/kontakt\/","name":"Kontakt &#8211; Jane Kleinschmit","isPartOf":{"@id":"https:\/\/janekleinschmit.art\/de\/#website"},"primaryImageOfPage":{"@id":"https:\/\/janekleinschmit.art\/de\/kontakt\/#primaryimage"},"image":{"@id":"https:\/\/janekleinschmit.art\/de\/kontakt\/#primaryimage"},"thumbnailUrl":"http:\/\/janekleinschmit.art\/wp-content\/uploads\/sites\/22\/2020\/04\/jane-kleinschmit-expo_2019_18-200x200.jpg","datePublished":"2020-05-16T17:14:40+00:00","dateModified":"2023-10-31T11:29:31+00:00","description":"Ich bin ein bildender K\u00fcnstler. Ich w\u00fcrde mich freuen, von Ihnen zu h\u00f6ren, egal ob Sie meine Kunst kommentieren oder einfach nur Hallo sagen m\u00f6chten!","breadcrumb":{"@id":"https:\/\/janekleinschmit.art\/de\/kontakt\/#breadcrumb"},"inLanguage":"de","potentialAction":[{"@type":"ReadAction","target":["https:\/\/janekleinschmit.art\/de\/kontakt\/"]}]},{"@type":"ImageObject","inLanguage":"de","@id":"https:\/\/janekleinschmit.art\/de\/kontakt\/#primaryimage","url":"http:\/\/janekleinschmit.art\/wp-content\/uploads\/sites\/22\/2020\/04\/jane-kleinschmit-expo_2019_18-200x200.jpg","contentUrl":"http:\/\/janekleinschmit.art\/wp-content\/uploads\/sites\/22\/2020\/04\/jane-kleinschmit-expo_2019_18-200x200.jpg"},{"@type":"BreadcrumbList","@id":"https:\/\/janekleinschmit.art\/de\/kontakt\/#breadcrumb","itemListElement":[{"@type":"ListItem","position":1,"name":"Home","item":"https:\/\/janekleinschmit.art\/de\/"},{"@type":"ListItem","position":2,"name":"Kontakt"}]},{"@type":"WebSite","@id":"https:\/\/janekleinschmit.art\/de\/#website","url":"https:\/\/janekleinschmit.art\/de\/","name":"Jane Kleinschmit","description":"Artist&#039;s Portfolio","publisher":{"@id":"https:\/\/janekleinschmit.art\/de\/#\/schema\/person\/065448c18d216d5e36d6013ebc81e116"},"potentialAction":[{"@type":"SearchAction","target":{"@type":"EntryPoint","urlTemplate":"https:\/\/janekleinschmit.art\/de\/?s={search_term_string}"},"query-input":{"@type":"PropertyValueSpecification","valueRequired":true,"valueName":"search_term_string"}}],"inLanguage":"de"},{"@type":["Person","Organization"],"@id":"https:\/\/janekleinschmit.art\/de\/#\/schema\/person\/065448c18d216d5e36d6013ebc81e116","name":"janekk","image":{"@type":"ImageObject","inLanguage":"de","@id":"https:\/\/secure.gravatar.com\/avatar\/b68e50b68c22c36691f5f4814d5d14b8cff5e8b1358ac6b191f554ccf0a88ed0?s=96&d=mm&r=g","url":"https:\/\/secure.gravatar.com\/avatar\/b68e50b68c22c36691f5f4814d5d14b8cff5e8b1358ac6b191f554ccf0a88ed0?s=96&d=mm&r=g","contentUrl":"https:\/\/secure.gravatar.com\/avatar\/b68e50b68c22c36691f5f4814d5d14b8cff5e8b1358ac6b191f554ccf0a88ed0?s=96&d=mm&r=g","caption":"janekk"},"logo":{"@id":"https:\/\/secure.gravatar.com\/avatar\/b68e50b68c22c36691f5f4814d5d14b8cff5e8b1358ac6b191f554ccf0a88ed0?s=96&d=mm&r=g"}}]}},"_links":{"self":[{"href":"https:\/\/janekleinschmit.art\/de\/wp-json\/wp\/v2\/pages\/1764","targetHints":{"allow":["GET"]}}],"collection":[{"href":"https:\/\/janekleinschmit.art\/de\/wp-json\/wp\/v2\/pages"}],"about":[{"href":"https:\/\/janekleinschmit.art\/de\/wp-json\/wp\/v2\/types\/page"}],"author":[{"embeddable":true,"href":"https:\/\/janekleinschmit.art\/de\/wp-json\/wp\/v2\/users\/20"}],"replies":[{"embeddable":true,"href":"https:\/\/janekleinschmit.art\/de\/wp-json\/wp\/v2\/comments?post=1764"}],"version-history":[{"count":10,"href":"https:\/\/janekleinschmit.art\/de\/wp-json\/wp\/v2\/pages\/1764\/revisions"}],"predecessor-version":[{"id":3517,"href":"https:\/\/janekleinschmit.art\/de\/wp-json\/wp\/v2\/pages\/1764\/revisions\/3517"}],"wp:attachment":[{"href":"https:\/\/janekleinschmit.art\/de\/wp-json\/wp\/v2\/media?parent=1764"}],"curies":[{"name":"wp","href":"https:\/\/api.w.org\/{rel}","templated":true}]}}