{"id":1790,"date":"2020-05-16T19:40:51","date_gmt":"2020-05-16T17:40:51","guid":{"rendered":"https:\/\/janekleinschmit.art\/?page_id=1790"},"modified":"2025-09-08T10:55:54","modified_gmt":"2025-09-08T08:55:54","slug":"flora","status":"publish","type":"page","link":"https:\/\/janekleinschmit.art\/de\/portfolio\/flora\/","title":{"rendered":"Flora"},"content":{"rendered":"\n\n\nngg_shortcode_0_placeholder\n","protected":false},"excerpt":{"rendered":"","protected":false},"author":20,"featured_media":0,"parent":1775,"menu_order":2,"comment_status":"closed","ping_status":"closed","template":"","meta":{"ngg_post_thumbnail":0,"footnotes":""},"class_list":{"0":"post-1790","1":"page","2":"type-page","3":"status-publish","5":"infinite-scroll-item"},"yoast_head":"<!-- This site is optimized with the Yoast SEO plugin v27.3 - https:\/\/yoast.com\/product\/yoast-seo-wordpress\/ -->\n<title>Flora &#8211; Jane Kleinschmit<\/title>\n<meta name=\"description\" content=\"Trockene Landpflanzen Andalusiens, gemalt in sch\u00f6ner dicker \u00d6lfarbe. Erfassung der wilden Flora S\u00fcdspaniens, Hibiskus, Kaktus, Disteln und Agave.\" \/>\n<meta name=\"robots\" content=\"index, follow, max-snippet:-1, max-image-preview:large, max-video-preview:-1\" \/>\n<link rel=\"canonical\" href=\"https:\/\/janekleinschmit.art\/de\/portfolio\/flora\/\" \/>\n<meta property=\"og:locale\" content=\"de_DE\" \/>\n<meta property=\"og:type\" content=\"article\" \/>\n<meta property=\"og:title\" content=\"Flora &#8211; Jane Kleinschmit\" \/>\n<meta property=\"og:description\" content=\"Trockene Landpflanzen Andalusiens, gemalt in sch\u00f6ner dicker \u00d6lfarbe. Erfassung der wilden Flora S\u00fcdspaniens, Hibiskus, Kaktus, Disteln und Agave.\" \/>\n<meta property=\"og:url\" content=\"https:\/\/janekleinschmit.art\/de\/portfolio\/flora\/\" \/>\n<meta property=\"og:site_name\" content=\"Jane Kleinschmit\" \/>\n<meta property=\"article:modified_time\" content=\"2025-09-08T08:55:54+00:00\" \/>\n<meta name=\"twitter:card\" content=\"summary_large_image\" \/>\n<meta name=\"twitter:label1\" content=\"Gesch\u00e4tzte Lesezeit\" \/>\n\t<meta name=\"twitter:data1\" content=\"1\u00a0Minute\" \/>\n<script type=\"application\/ld+json\" class=\"yoast-schema-graph\">{\"@context\":\"https:\\\/\\\/schema.org\",\"@graph\":[{\"@type\":\"WebPage\",\"@id\":\"https:\\\/\\\/janekleinschmit.art\\\/de\\\/portfolio\\\/flora\\\/\",\"url\":\"https:\\\/\\\/janekleinschmit.art\\\/de\\\/portfolio\\\/flora\\\/\",\"name\":\"Flora &#8211; Jane Kleinschmit\",\"isPartOf\":{\"@id\":\"https:\\\/\\\/janekleinschmit.art\\\/de\\\/#website\"},\"datePublished\":\"2020-05-16T17:40:51+00:00\",\"dateModified\":\"2025-09-08T08:55:54+00:00\",\"description\":\"Trockene Landpflanzen Andalusiens, gemalt in sch\u00f6ner dicker \u00d6lfarbe. Erfassung der wilden Flora S\u00fcdspaniens, Hibiskus, Kaktus, Disteln und Agave.\",\"breadcrumb\":{\"@id\":\"https:\\\/\\\/janekleinschmit.art\\\/de\\\/portfolio\\\/flora\\\/#breadcrumb\"},\"inLanguage\":\"de\",\"potentialAction\":[{\"@type\":\"ReadAction\",\"target\":[\"https:\\\/\\\/janekleinschmit.art\\\/de\\\/portfolio\\\/flora\\\/\"]}]},{\"@type\":\"BreadcrumbList\",\"@id\":\"https:\\\/\\\/janekleinschmit.art\\\/de\\\/portfolio\\\/flora\\\/#breadcrumb\",\"itemListElement\":[{\"@type\":\"ListItem\",\"position\":1,\"name\":\"Home\",\"item\":\"https:\\\/\\\/janekleinschmit.art\\\/de\\\/\"},{\"@type\":\"ListItem\",\"position\":2,\"name\":\"Portfolio\",\"item\":\"https:\\\/\\\/janekleinschmit.art\\\/de\\\/portfolio\\\/\"},{\"@type\":\"ListItem\",\"position\":3,\"name\":\"Flora\"}]},{\"@type\":\"WebSite\",\"@id\":\"https:\\\/\\\/janekleinschmit.art\\\/de\\\/#website\",\"url\":\"https:\\\/\\\/janekleinschmit.art\\\/de\\\/\",\"name\":\"Jane Kleinschmit\",\"description\":\"Artist&#039;s Portfolio\",\"publisher\":{\"@id\":\"https:\\\/\\\/janekleinschmit.art\\\/de\\\/#\\\/schema\\\/person\\\/065448c18d216d5e36d6013ebc81e116\"},\"potentialAction\":[{\"@type\":\"SearchAction\",\"target\":{\"@type\":\"EntryPoint\",\"urlTemplate\":\"https:\\\/\\\/janekleinschmit.art\\\/de\\\/?s={search_term_string}\"},\"query-input\":{\"@type\":\"PropertyValueSpecification\",\"valueRequired\":true,\"valueName\":\"search_term_string\"}}],\"inLanguage\":\"de\"},{\"@type\":[\"Person\",\"Organization\"],\"@id\":\"https:\\\/\\\/janekleinschmit.art\\\/de\\\/#\\\/schema\\\/person\\\/065448c18d216d5e36d6013ebc81e116\",\"name\":\"janekk\",\"image\":{\"@type\":\"ImageObject\",\"inLanguage\":\"de\",\"@id\":\"https:\\\/\\\/secure.gravatar.com\\\/avatar\\\/b68e50b68c22c36691f5f4814d5d14b8cff5e8b1358ac6b191f554ccf0a88ed0?s=96&d=mm&r=g\",\"url\":\"https:\\\/\\\/secure.gravatar.com\\\/avatar\\\/b68e50b68c22c36691f5f4814d5d14b8cff5e8b1358ac6b191f554ccf0a88ed0?s=96&d=mm&r=g\",\"contentUrl\":\"https:\\\/\\\/secure.gravatar.com\\\/avatar\\\/b68e50b68c22c36691f5f4814d5d14b8cff5e8b1358ac6b191f554ccf0a88ed0?s=96&d=mm&r=g\",\"caption\":\"janekk\"},\"logo\":{\"@id\":\"https:\\\/\\\/secure.gravatar.com\\\/avatar\\\/b68e50b68c22c36691f5f4814d5d14b8cff5e8b1358ac6b191f554ccf0a88ed0?s=96&d=mm&r=g\"}}]}<\/script>\n<!-- \/ Yoast SEO plugin. -->","yoast_head_json":{"title":"Flora &#8211; Jane Kleinschmit","description":"Trockene Landpflanzen Andalusiens, gemalt in sch\u00f6ner dicker \u00d6lfarbe. Erfassung der wilden Flora S\u00fcdspaniens, Hibiskus, Kaktus, Disteln und Agave.","robots":{"index":"index","follow":"follow","max-snippet":"max-snippet:-1","max-image-preview":"max-image-preview:large","max-video-preview":"max-video-preview:-1"},"canonical":"https:\/\/janekleinschmit.art\/de\/portfolio\/flora\/","og_locale":"de_DE","og_type":"article","og_title":"Flora &#8211; Jane Kleinschmit","og_description":"Trockene Landpflanzen Andalusiens, gemalt in sch\u00f6ner dicker \u00d6lfarbe. Erfassung der wilden Flora S\u00fcdspaniens, Hibiskus, Kaktus, Disteln und Agave.","og_url":"https:\/\/janekleinschmit.art\/de\/portfolio\/flora\/","og_site_name":"Jane Kleinschmit","article_modified_time":"2025-09-08T08:55:54+00:00","twitter_card":"summary_large_image","twitter_misc":{"Gesch\u00e4tzte Lesezeit":"1\u00a0Minute"},"schema":{"@context":"https:\/\/schema.org","@graph":[{"@type":"WebPage","@id":"https:\/\/janekleinschmit.art\/de\/portfolio\/flora\/","url":"https:\/\/janekleinschmit.art\/de\/portfolio\/flora\/","name":"Flora &#8211; Jane Kleinschmit","isPartOf":{"@id":"https:\/\/janekleinschmit.art\/de\/#website"},"datePublished":"2020-05-16T17:40:51+00:00","dateModified":"2025-09-08T08:55:54+00:00","description":"Trockene Landpflanzen Andalusiens, gemalt in sch\u00f6ner dicker \u00d6lfarbe. Erfassung der wilden Flora S\u00fcdspaniens, Hibiskus, Kaktus, Disteln und Agave.","breadcrumb":{"@id":"https:\/\/janekleinschmit.art\/de\/portfolio\/flora\/#breadcrumb"},"inLanguage":"de","potentialAction":[{"@type":"ReadAction","target":["https:\/\/janekleinschmit.art\/de\/portfolio\/flora\/"]}]},{"@type":"BreadcrumbList","@id":"https:\/\/janekleinschmit.art\/de\/portfolio\/flora\/#breadcrumb","itemListElement":[{"@type":"ListItem","position":1,"name":"Home","item":"https:\/\/janekleinschmit.art\/de\/"},{"@type":"ListItem","position":2,"name":"Portfolio","item":"https:\/\/janekleinschmit.art\/de\/portfolio\/"},{"@type":"ListItem","position":3,"name":"Flora"}]},{"@type":"WebSite","@id":"https:\/\/janekleinschmit.art\/de\/#website","url":"https:\/\/janekleinschmit.art\/de\/","name":"Jane Kleinschmit","description":"Artist&#039;s Portfolio","publisher":{"@id":"https:\/\/janekleinschmit.art\/de\/#\/schema\/person\/065448c18d216d5e36d6013ebc81e116"},"potentialAction":[{"@type":"SearchAction","target":{"@type":"EntryPoint","urlTemplate":"https:\/\/janekleinschmit.art\/de\/?s={search_term_string}"},"query-input":{"@type":"PropertyValueSpecification","valueRequired":true,"valueName":"search_term_string"}}],"inLanguage":"de"},{"@type":["Person","Organization"],"@id":"https:\/\/janekleinschmit.art\/de\/#\/schema\/person\/065448c18d216d5e36d6013ebc81e116","name":"janekk","image":{"@type":"ImageObject","inLanguage":"de","@id":"https:\/\/secure.gravatar.com\/avatar\/b68e50b68c22c36691f5f4814d5d14b8cff5e8b1358ac6b191f554ccf0a88ed0?s=96&d=mm&r=g","url":"https:\/\/secure.gravatar.com\/avatar\/b68e50b68c22c36691f5f4814d5d14b8cff5e8b1358ac6b191f554ccf0a88ed0?s=96&d=mm&r=g","contentUrl":"https:\/\/secure.gravatar.com\/avatar\/b68e50b68c22c36691f5f4814d5d14b8cff5e8b1358ac6b191f554ccf0a88ed0?s=96&d=mm&r=g","caption":"janekk"},"logo":{"@id":"https:\/\/secure.gravatar.com\/avatar\/b68e50b68c22c36691f5f4814d5d14b8cff5e8b1358ac6b191f554ccf0a88ed0?s=96&d=mm&r=g"}}]}},"_links":{"self":[{"href":"https:\/\/janekleinschmit.art\/de\/wp-json\/wp\/v2\/pages\/1790","targetHints":{"allow":["GET"]}}],"collection":[{"href":"https:\/\/janekleinschmit.art\/de\/wp-json\/wp\/v2\/pages"}],"about":[{"href":"https:\/\/janekleinschmit.art\/de\/wp-json\/wp\/v2\/types\/page"}],"author":[{"embeddable":true,"href":"https:\/\/janekleinschmit.art\/de\/wp-json\/wp\/v2\/users\/20"}],"replies":[{"embeddable":true,"href":"https:\/\/janekleinschmit.art\/de\/wp-json\/wp\/v2\/comments?post=1790"}],"version-history":[{"count":24,"href":"https:\/\/janekleinschmit.art\/de\/wp-json\/wp\/v2\/pages\/1790\/revisions"}],"predecessor-version":[{"id":4616,"href":"https:\/\/janekleinschmit.art\/de\/wp-json\/wp\/v2\/pages\/1790\/revisions\/4616"}],"up":[{"embeddable":true,"href":"https:\/\/janekleinschmit.art\/de\/wp-json\/wp\/v2\/pages\/1775"}],"wp:attachment":[{"href":"https:\/\/janekleinschmit.art\/de\/wp-json\/wp\/v2\/media?parent=1790"}],"curies":[{"name":"wp","href":"https:\/\/api.w.org\/{rel}","templated":true}]}}