{"id":1857,"date":"2020-05-19T12:08:11","date_gmt":"2020-05-19T10:08:11","guid":{"rendered":"https:\/\/janekleinschmit.art\/?page_id=1857"},"modified":"2023-10-31T13:03:39","modified_gmt":"2023-10-31T12:03:39","slug":"vita","status":"publish","type":"page","link":"https:\/\/janekleinschmit.art\/de\/vita\/","title":{"rendered":"Vita"},"content":{"rendered":"<h2>Biografie<\/h2>\n<p>1968 in Hannover geboren, verbrachte sie ihre Kindheit und Schulzeit in Hanau bei Frankfurt und ein Jahr im Rahmen eines Sch\u00fcleraustausches in den USA. Sie befasste sich schon fr\u00fch mit Malerei und Musik und machte nach dem Abitur ihre k\u00fcnstlerische Ausbildung an der Kunsthochschule Kassel mit Stipendien in Reading, London, und Salamanca, Spanien. Parallel dazu studierte sie klassischen Gesang. Sie schloss ihre Studien mit dem 1. Staatsexamen und dem Diplom Freie Kunst ab und bewegt sich heute als freischaffende K\u00fcnstlerin zwischen Hanau (Frankfurt\/M.) und Granada, Spanien.<\/p>\n<h2>Einzelausstellungen (Auswahl)<\/h2>\n<p>2021 Ausstellung &#8222;El para\u00edso perdido?&#8220;, LA FABRICA, Lanjaron, Spanien.<\/p>\n<p>2017\u00a0<a href=\"https:\/\/janekleinschmit.art\/de\/art-blog-de\/2017-hotel-ladron-de-agua-granada-spanien\/\">Hotel Ladron de Agua<\/a>, Granada, Spanien<\/p>\n<p>2017 <a href=\"http:\/\/janekleinschmit.art\/art-blog\/2017-galeria-centro-competa-malaga-spain\/\">Galeria Centro<\/a> Competa, M\u00e1laga, Spanien<\/p>\n<p>2017 Antiguo Ayuntamiento, \u00d3rgiva, Spanien<\/p>\n<p>2015 &#8222;S\u00fcdliche Rhythmen&#8220;\u00a0<a href=\"https:\/\/janekleinschmit.art\/de\/art-blog-de\/2015-sudliche-rhythmen-hanauer-kulturverein-remisengalerie\/\">Hanauer Kulturverein Remisengalerie<\/a>, Hanau<\/p>\n<p>2014\u00a0<a href=\"http:\/\/janekleinschmit.art\/art-blog\/2014-galeria-cartel-granada-spain\/\">Galeria Cartel<\/a>, Granada, Spanien<\/p>\n<p>2012 Sala de exposici\u00f3nes, Plaza Aliatar, Albaycin, Granada, Spanien<\/p>\n<p>2011 Remisengalerie, Schloss Philippsruhe, Hanau<\/p>\n<p>2011 &#8222;Momentos mediterraneos&#8220;, Sala Alpujarra, \u00d3rgiva, Granada, Spanien<\/p>\n<p>2010\u00a0<a href=\"http:\/\/janekleinschmit.art\/art-blog\/2010-ayuntamiento-de-frigiliana-malaga-spain\/\">Ayuntamiento de Frigiliana<\/a>, M\u00e1laga, Spanien<\/p>\n<p>2009 Bodega 3M, Granada, Spanien<\/p>\n<p>2008 Golfclub Kassel, Foyer des Restaurants<\/p>\n<p>2007 Kulturdenkst\u00e4tte Ehemalige Synagoge, Grosskrotzenburg, Hanau<\/p>\n<p>2006\u00a0<a href=\"http:\/\/janekleinschmit.art\/art-blog\/2006-museo-cuevas-del-sacromonte-centro-de-interpretacion-granada-spain\/\">Museo Cuevas del Sacromonte<\/a>, Centro de Interpretaci\u00f3n Granada, Spanien<\/p>\n<p>2006 <a href=\"http:\/\/janekleinschmit.art\/art-blog\/2006-espacio-tres-malaga-spain\/\">Gallery Espacio Tres<\/a>, M\u00e1laga, Spanien<\/p>\n<p>2005 Charavinillo, Ambroz Granada, Spanien<\/p>\n<p>2004\u00a0<a href=\"http:\/\/janekleinschmit.art\/art-blog\/2004-remisengallery-schloss-philippsruhe-hanauer-kulturverein-germany\/\">Remisengallery<\/a>, Schloss Philippsruhe, Hanau<\/p>\n<p>2003 Hotel &#8222;La Bobadilla&#8220;, Loja, Granada, Spanien<\/p>\n<p>2001 Cruz del Mar, Chipiona Cadiz, Spanien<\/p>\n<p>2001 Overijse Prins Karellaan, 45, Br\u00fcssel, B\u00e9lgica<\/p>\n<p>2000 Galeria San Gregorio, Albaicin, Granada, Spanien<\/p>\n<p>1998 &#8222;Junge K\u00fcnstler&#8220; im Ludwig-Noll-Krankenhaus, Kassel<\/p>\n<p>1996 Ausstellung G.Wagner, Kassel<\/p>\n<p>1995 Werkstattgallery, Kassel<\/p>\n<h2>Ausstellungsbeteiligungen (Auswahl)<\/h2>\n<p>2023 K\u00fcnstlerInnen der Remise, Hanauer Kulturverein, Schloss Philippsruhe, Hanau.<\/p>\n<p>2023 Help Me Please, exposici\u00f3n colectiva de arte contempor\u00e1nea, Arrabal &amp; C\u00eda, Granada.<\/p>\n<p>2022 K\u00fcnstlerweihnachtsmarkt BBK Paulskirche, Frankfurt.<\/p>\n<p>2022 Andalusische Bilder und Hanauer Holz, Hanauer Kulturverein, Schloss Philippsruhe, Hanau.<\/p>\n<p>2022 Eros es mas, Arrabal &amp; C\u00eda, Granada, Spanien.<\/p>\n<p>2020 Ant\u00f3nimos, Arrabal &amp; C\u00eda, Granada, Spanien.<\/p>\n<p>2019 Sombras nada mas, Arrabal &amp; C\u00eda, Granada, Spanien.<\/p>\n<p>2019 K\u00fcnstlerweihnachtsmarkt BBK Paulskirche, Frankfurt am Main.<\/p>\n<p>2019 Ausstellung <a href=\"http:\/\/janekleinschmit.art\/art-blog\/2019-mutaciones-galeria-el-casino-salobrena-spain\/\">\u201cMutaciones\u201d<\/a>, galeria \u201c El Casino\u201d, Salobre\u00f1a, Spanien.<\/p>\n<p>2019 <a href=\"http:\/\/janekleinschmit.art\/art-blog\/2019-antiguo-ayuntamiento-orgiva-spain\/\">Antiguo Ayuntamiento<\/a>, \u00d3rgiva, Spanien.<\/p>\n<p>2019 Ausstellung <a href=\"http:\/\/janekleinschmit.art\/art-blog\/2019-dialogos-museo-molvizar-molvizar-spain\/\">\u201cDi\u00e1logos\u201d<\/a>, Museo Molv\u00edzar, Granada, Spanien.<\/p>\n<p>2018\u00a0<a href=\"http:\/\/janekleinschmit.art\/art-blog\/2018-kunstler-der-remise-hanauer-kulturverein-schloss-philippsruhe-hanau-germany\/\">K\u00fcnstler der Remise<\/a>, Hanauer Kulturverein, Schloss Philippsruhe, Hanau.<\/p>\n<p>2018 Art Walk Competa, Galeria Centro, Competa, M\u00e1laga, Spanien.<\/p>\n<p>2018 Ausstellung Antiguo Ayuntamiento, \u00d3rgiva, Spanien.<\/p>\n<p>2017 K\u00fcnstlerweihnachtsmarkt BBK Paulskirche, Frankfurt am Main.<\/p>\n<p>2017 Alte Zuckerfabrik, Motril, Spanien.<\/p>\n<p>2017 <a href=\"http:\/\/janekleinschmit.art\/art-blog\/2017-frauensicht-auf-weiblichkeit-neustadter-rathaus-hanau-germany\/\">&#8222;Frauensicht auf Weiblichkeit&#8220;<\/a>, Neust\u00e4dter Rathaus, Hanau.<\/p>\n<p>2016\u00a0<a href=\"http:\/\/janekleinschmit.art\/art-blog\/2016-kunstler-der-remise-hanau-germany\/\">K\u00fcnstler der Remise<\/a>, Hanau.<\/p>\n<p>2013 Ausstellung &#8222;Sea&#8220;, D:Gallery Kassel.<\/p>\n<p>2012 Ausstellung G\u00fcterbahnhof, Flensburg.<\/p>\n<p>2012 Sala de exposici\u00f3nes Maracena, Granada: Feria internacional, Spanien.<\/p>\n<p>2011 K\u00fcnstlerweihnachtsmarkt BbK in der Paulskirche, Frankfurt am Main.<\/p>\n<p>2010 Granadacapital Galeria de arte, Granada, Spanien.<\/p>\n<p>2010 <a href=\"https:\/\/janekleinschmit.art\/art-blog\/exhibitions\/2010-fiarte-churriana-de-la-vega-granada-spain\/\">Fiarte<\/a>, Churriana de la Vega, Granada, Spanie.n<\/p>\n<p>2009\u00a0<a href=\"http:\/\/janekleinschmit.art\/art-blog\/2009-schlos-park-schonfeld-rotary-club-kassel-germany\/\">Schlo\u00df Park Sch\u00f6nfeld<\/a>, Rotary Club, Kassel<\/p>\n<p>2008\u00a0<a href=\"https:\/\/janekleinschmit.art\/art-blog\/2008-espacio-tres-malaga-spain\/\">Espacio Tres, M\u00e1laga<\/a>, Spanien<\/p>\n<p>2007 Gallerie Henarte, M\u00e1laga, Spanien<\/p>\n<p>2007 Gallerie Bittner &amp; Dembinski, Kassel<\/p>\n<p>2006 Ausstellung &#8222;Certamen de Pintura&#8220; Las Gabias, Granada, Spanien<\/p>\n<p>2005 Ausstellung &#8222;Frau und Film&#8220;, Maracena und Guadix, Granada, Spanien<\/p>\n<p>2004 Gallerie Bittner &amp; Dembinski, Kassel<\/p>\n<p>2004 Ausstellung &#8222;Pintor Juan Almagro&#8220;, Pegalajar, Ja\u00e9n, Spanien<\/p>\n<p>2003 Regierungspr\u00e4sidium, Kassel<\/p>\n<p>2003 Gallery Bittner &amp; Dembinski, Kassel<\/p>\n<p>2002 Castillo Lucena, Cordoba, Spanien<\/p>\n<p>2001 Cardilim, Genk, Belgien<\/p>\n<p>2001 Pantheongallery, Knokke, Belgien<\/p>\n<p>2000 Galeria Lecrin, Almu\u00f1ecar, Spanien<\/p>\n<p>2000 Kunstmesse &#8222;Faim&#8220;, Madrid, Spanien<\/p>\n<p>1999 Schlo\u00df Park Sch\u00f6nfeld, Rotary Club, Kassel<\/p>\n<p>1999 Galerie Bittner &amp; Dembinski, Kassel<\/p>\n<p>1998 Gemeinsame Ausstellung der Absolventen im Foyer der HBK.<\/p>\n<p>1996 Casa de las Conchas, Salamanca, Spanien<\/p>\n<h2>Stipendien und Kurse<\/h2>\n<p>2009\u00a0<a href=\"http:\/\/janekleinschmit.art\/art-blog\/exhibitions\/2009-fundacion-valparaiso-mojacar-almeria-spain\/\">Fundaci\u00f3n Valparaiso Moj\u00e1car<\/a>, Almer\u00eda, Spanien<\/p>\n<p>2004 Fundaci\u00f3n Miro, Palma de Mallorca, Spanien<\/p>\n","protected":false},"excerpt":{"rendered":"<p>Biografie 1968 in Hannover geboren, verbrachte sie ihre Kindheit und Schulzeit in Hanau bei Frankfurt und ein Jahr im Rahmen eines Sch\u00fcleraustausches in den USA. Sie befasste sich schon fr\u00fch mit Malerei und Musik und machte nach dem Abitur ihre k\u00fcnstlerische Ausbildung an der Kunsthochschule Kassel mit Stipendien in Reading, London, und Salamanca, Spanien. Parallel &#8230; <\/p>\n<p class=\"read-more-container\"><a title=\"Vita\" class=\"read-more button\" href=\"https:\/\/janekleinschmit.art\/de\/vita\/#more-1857\" aria-label=\"Mehr Informationen \u00fcber Vita\">Weiterlesen &#8230;<\/a><\/p>\n","protected":false},"author":20,"featured_media":0,"parent":0,"menu_order":2,"comment_status":"closed","ping_status":"closed","template":"","meta":{"ngg_post_thumbnail":0,"footnotes":""},"class_list":{"0":"post-1857","1":"page","2":"type-page","3":"status-publish","5":"infinite-scroll-item"},"yoast_head":"<!-- This site is optimized with the Yoast SEO plugin v27.3 - https:\/\/yoast.com\/product\/yoast-seo-wordpress\/ -->\n<title>Vita &#8211; Jane Kleinschmit<\/title>\n<meta name=\"robots\" content=\"index, follow, max-snippet:-1, max-image-preview:large, max-video-preview:-1\" \/>\n<link rel=\"canonical\" href=\"https:\/\/janekleinschmit.art\/de\/vita\/\" \/>\n<meta property=\"og:locale\" content=\"de_DE\" \/>\n<meta property=\"og:type\" content=\"article\" \/>\n<meta property=\"og:title\" content=\"Vita &#8211; Jane Kleinschmit\" \/>\n<meta property=\"og:description\" content=\"Biografie 1968 in Hannover geboren, verbrachte sie ihre Kindheit und Schulzeit in Hanau bei Frankfurt und ein Jahr im Rahmen eines Sch\u00fcleraustausches in den USA. Sie befasste sich schon fr\u00fch mit Malerei und Musik und machte nach dem Abitur ihre k\u00fcnstlerische Ausbildung an der Kunsthochschule Kassel mit Stipendien in Reading, London, und Salamanca, Spanien. Parallel ... Weiterlesen ...\" \/>\n<meta property=\"og:url\" content=\"https:\/\/janekleinschmit.art\/de\/vita\/\" \/>\n<meta property=\"og:site_name\" content=\"Jane Kleinschmit\" \/>\n<meta property=\"article:modified_time\" content=\"2023-10-31T12:03:39+00:00\" \/>\n<meta name=\"twitter:card\" content=\"summary_large_image\" \/>\n<meta name=\"twitter:label1\" content=\"Gesch\u00e4tzte Lesezeit\" \/>\n\t<meta name=\"twitter:data1\" content=\"3\u00a0Minuten\" \/>\n<script type=\"application\/ld+json\" class=\"yoast-schema-graph\">{\"@context\":\"https:\\\/\\\/schema.org\",\"@graph\":[{\"@type\":\"WebPage\",\"@id\":\"https:\\\/\\\/janekleinschmit.art\\\/de\\\/vita\\\/\",\"url\":\"https:\\\/\\\/janekleinschmit.art\\\/de\\\/vita\\\/\",\"name\":\"Vita &#8211; Jane Kleinschmit\",\"isPartOf\":{\"@id\":\"https:\\\/\\\/janekleinschmit.art\\\/de\\\/#website\"},\"datePublished\":\"2020-05-19T10:08:11+00:00\",\"dateModified\":\"2023-10-31T12:03:39+00:00\",\"breadcrumb\":{\"@id\":\"https:\\\/\\\/janekleinschmit.art\\\/de\\\/vita\\\/#breadcrumb\"},\"inLanguage\":\"de\",\"potentialAction\":[{\"@type\":\"ReadAction\",\"target\":[\"https:\\\/\\\/janekleinschmit.art\\\/de\\\/vita\\\/\"]}]},{\"@type\":\"BreadcrumbList\",\"@id\":\"https:\\\/\\\/janekleinschmit.art\\\/de\\\/vita\\\/#breadcrumb\",\"itemListElement\":[{\"@type\":\"ListItem\",\"position\":1,\"name\":\"Home\",\"item\":\"https:\\\/\\\/janekleinschmit.art\\\/de\\\/\"},{\"@type\":\"ListItem\",\"position\":2,\"name\":\"Vita\"}]},{\"@type\":\"WebSite\",\"@id\":\"https:\\\/\\\/janekleinschmit.art\\\/de\\\/#website\",\"url\":\"https:\\\/\\\/janekleinschmit.art\\\/de\\\/\",\"name\":\"Jane Kleinschmit\",\"description\":\"Artist&#039;s Portfolio\",\"publisher\":{\"@id\":\"https:\\\/\\\/janekleinschmit.art\\\/de\\\/#\\\/schema\\\/person\\\/065448c18d216d5e36d6013ebc81e116\"},\"potentialAction\":[{\"@type\":\"SearchAction\",\"target\":{\"@type\":\"EntryPoint\",\"urlTemplate\":\"https:\\\/\\\/janekleinschmit.art\\\/de\\\/?s={search_term_string}\"},\"query-input\":{\"@type\":\"PropertyValueSpecification\",\"valueRequired\":true,\"valueName\":\"search_term_string\"}}],\"inLanguage\":\"de\"},{\"@type\":[\"Person\",\"Organization\"],\"@id\":\"https:\\\/\\\/janekleinschmit.art\\\/de\\\/#\\\/schema\\\/person\\\/065448c18d216d5e36d6013ebc81e116\",\"name\":\"janekk\",\"image\":{\"@type\":\"ImageObject\",\"inLanguage\":\"de\",\"@id\":\"https:\\\/\\\/secure.gravatar.com\\\/avatar\\\/b68e50b68c22c36691f5f4814d5d14b8cff5e8b1358ac6b191f554ccf0a88ed0?s=96&d=mm&r=g\",\"url\":\"https:\\\/\\\/secure.gravatar.com\\\/avatar\\\/b68e50b68c22c36691f5f4814d5d14b8cff5e8b1358ac6b191f554ccf0a88ed0?s=96&d=mm&r=g\",\"contentUrl\":\"https:\\\/\\\/secure.gravatar.com\\\/avatar\\\/b68e50b68c22c36691f5f4814d5d14b8cff5e8b1358ac6b191f554ccf0a88ed0?s=96&d=mm&r=g\",\"caption\":\"janekk\"},\"logo\":{\"@id\":\"https:\\\/\\\/secure.gravatar.com\\\/avatar\\\/b68e50b68c22c36691f5f4814d5d14b8cff5e8b1358ac6b191f554ccf0a88ed0?s=96&d=mm&r=g\"}}]}<\/script>\n<!-- \/ Yoast SEO plugin. -->","yoast_head_json":{"title":"Vita &#8211; Jane Kleinschmit","robots":{"index":"index","follow":"follow","max-snippet":"max-snippet:-1","max-image-preview":"max-image-preview:large","max-video-preview":"max-video-preview:-1"},"canonical":"https:\/\/janekleinschmit.art\/de\/vita\/","og_locale":"de_DE","og_type":"article","og_title":"Vita &#8211; Jane Kleinschmit","og_description":"Biografie 1968 in Hannover geboren, verbrachte sie ihre Kindheit und Schulzeit in Hanau bei Frankfurt und ein Jahr im Rahmen eines Sch\u00fcleraustausches in den USA. Sie befasste sich schon fr\u00fch mit Malerei und Musik und machte nach dem Abitur ihre k\u00fcnstlerische Ausbildung an der Kunsthochschule Kassel mit Stipendien in Reading, London, und Salamanca, Spanien. Parallel ... Weiterlesen ...","og_url":"https:\/\/janekleinschmit.art\/de\/vita\/","og_site_name":"Jane Kleinschmit","article_modified_time":"2023-10-31T12:03:39+00:00","twitter_card":"summary_large_image","twitter_misc":{"Gesch\u00e4tzte Lesezeit":"3\u00a0Minuten"},"schema":{"@context":"https:\/\/schema.org","@graph":[{"@type":"WebPage","@id":"https:\/\/janekleinschmit.art\/de\/vita\/","url":"https:\/\/janekleinschmit.art\/de\/vita\/","name":"Vita &#8211; Jane Kleinschmit","isPartOf":{"@id":"https:\/\/janekleinschmit.art\/de\/#website"},"datePublished":"2020-05-19T10:08:11+00:00","dateModified":"2023-10-31T12:03:39+00:00","breadcrumb":{"@id":"https:\/\/janekleinschmit.art\/de\/vita\/#breadcrumb"},"inLanguage":"de","potentialAction":[{"@type":"ReadAction","target":["https:\/\/janekleinschmit.art\/de\/vita\/"]}]},{"@type":"BreadcrumbList","@id":"https:\/\/janekleinschmit.art\/de\/vita\/#breadcrumb","itemListElement":[{"@type":"ListItem","position":1,"name":"Home","item":"https:\/\/janekleinschmit.art\/de\/"},{"@type":"ListItem","position":2,"name":"Vita"}]},{"@type":"WebSite","@id":"https:\/\/janekleinschmit.art\/de\/#website","url":"https:\/\/janekleinschmit.art\/de\/","name":"Jane Kleinschmit","description":"Artist&#039;s Portfolio","publisher":{"@id":"https:\/\/janekleinschmit.art\/de\/#\/schema\/person\/065448c18d216d5e36d6013ebc81e116"},"potentialAction":[{"@type":"SearchAction","target":{"@type":"EntryPoint","urlTemplate":"https:\/\/janekleinschmit.art\/de\/?s={search_term_string}"},"query-input":{"@type":"PropertyValueSpecification","valueRequired":true,"valueName":"search_term_string"}}],"inLanguage":"de"},{"@type":["Person","Organization"],"@id":"https:\/\/janekleinschmit.art\/de\/#\/schema\/person\/065448c18d216d5e36d6013ebc81e116","name":"janekk","image":{"@type":"ImageObject","inLanguage":"de","@id":"https:\/\/secure.gravatar.com\/avatar\/b68e50b68c22c36691f5f4814d5d14b8cff5e8b1358ac6b191f554ccf0a88ed0?s=96&d=mm&r=g","url":"https:\/\/secure.gravatar.com\/avatar\/b68e50b68c22c36691f5f4814d5d14b8cff5e8b1358ac6b191f554ccf0a88ed0?s=96&d=mm&r=g","contentUrl":"https:\/\/secure.gravatar.com\/avatar\/b68e50b68c22c36691f5f4814d5d14b8cff5e8b1358ac6b191f554ccf0a88ed0?s=96&d=mm&r=g","caption":"janekk"},"logo":{"@id":"https:\/\/secure.gravatar.com\/avatar\/b68e50b68c22c36691f5f4814d5d14b8cff5e8b1358ac6b191f554ccf0a88ed0?s=96&d=mm&r=g"}}]}},"_links":{"self":[{"href":"https:\/\/janekleinschmit.art\/de\/wp-json\/wp\/v2\/pages\/1857","targetHints":{"allow":["GET"]}}],"collection":[{"href":"https:\/\/janekleinschmit.art\/de\/wp-json\/wp\/v2\/pages"}],"about":[{"href":"https:\/\/janekleinschmit.art\/de\/wp-json\/wp\/v2\/types\/page"}],"author":[{"embeddable":true,"href":"https:\/\/janekleinschmit.art\/de\/wp-json\/wp\/v2\/users\/20"}],"replies":[{"embeddable":true,"href":"https:\/\/janekleinschmit.art\/de\/wp-json\/wp\/v2\/comments?post=1857"}],"version-history":[{"count":11,"href":"https:\/\/janekleinschmit.art\/de\/wp-json\/wp\/v2\/pages\/1857\/revisions"}],"predecessor-version":[{"id":3525,"href":"https:\/\/janekleinschmit.art\/de\/wp-json\/wp\/v2\/pages\/1857\/revisions\/3525"}],"wp:attachment":[{"href":"https:\/\/janekleinschmit.art\/de\/wp-json\/wp\/v2\/media?parent=1857"}],"curies":[{"name":"wp","href":"https:\/\/api.w.org\/{rel}","templated":true}]}}