{"id":2790,"date":"2022-04-29T13:18:21","date_gmt":"2022-04-29T11:18:21","guid":{"rendered":"https:\/\/janekleinschmit.art\/work-process\/"},"modified":"2022-05-19T09:00:42","modified_gmt":"2022-05-19T07:00:42","slug":"work-process","status":"publish","type":"page","link":"https:\/\/janekleinschmit.art\/de\/work-process\/","title":{"rendered":"Reflexionen"},"content":{"rendered":"\n<p>April 2022<\/p>\n\n\n\n<p>In den letzten zwei Jahren entstanden eine Vielzahl neuer Bilder.<\/p>\n\n\n\n<p>In der Ungewissheit des ersten Lockdowns in der Coronazeit im Fr\u00fchjahr 2020 malte ich vorwiegend abstrakt, als Ausdruck meines Gef\u00fchls des Eingesperrtseins. Diese emotionale Spannung brach sich Bahn in eine eigene Formen- und Farbensprache.<br><br>Als sich die Coronasituation etwas entspannte, malte&nbsp; ich wieder fig\u00fcrlich. Es folgten Sierra- und Meerbilder, die auch meinem Wunsch nach Harmonie Ausdruck geben &#8211; und dem Glauben an eine positivere Weltsituation. Inspiriert durch t\u00e4gliche Spazierg\u00e4nge in Sierran\u00e4he, malte ich dasselbe Motiv in immer unterschiedlichen Stimmungen und Farben.<br><br>Das Meer &#8211; eines meiner altbekannten Themen &#8211; wird durch st\u00e4ndig neue Erscheinungsformen zur Metapher f\u00fcr Ver\u00e4nderung.<br><br>Wie in unserem Alltagsleben halten die Masken Einzug in meine Darstellung von Menschen- Gruppen.<br>Einige Meer- und Figurendarstellungen verarbeiten indirekt den k\u00fcrzlich losgebrochenen sinnlosen Krieg in der Ukraine &#8211; und wollen die Hoffnung auf Frieden nicht aufgeben.<\/p>\n\n\n\n<p>Jane Kleinschmit<\/p>\n\n\n\n<p><\/p>\n\n\n\n<p><\/p>\n","protected":false},"excerpt":{"rendered":"<p>April 2022 In den letzten zwei Jahren entstanden eine Vielzahl neuer Bilder. In der Ungewissheit des ersten Lockdowns in der Coronazeit im Fr\u00fchjahr 2020 malte ich vorwiegend abstrakt, als Ausdruck meines Gef\u00fchls des Eingesperrtseins. Diese emotionale Spannung brach sich Bahn in eine eigene Formen- und Farbensprache. Als sich die Coronasituation etwas entspannte, malte&nbsp; ich wieder &#8230; <\/p>\n<p class=\"read-more-container\"><a title=\"Reflexionen\" class=\"read-more button\" href=\"https:\/\/janekleinschmit.art\/de\/work-process\/#more-2790\" aria-label=\"Mehr Informationen \u00fcber Reflexionen\">Weiterlesen &#8230;<\/a><\/p>\n","protected":false},"author":15,"featured_media":0,"parent":0,"menu_order":0,"comment_status":"closed","ping_status":"closed","template":"","meta":{"ngg_post_thumbnail":0,"footnotes":""},"class_list":{"0":"post-2790","1":"page","2":"type-page","3":"status-publish","5":"infinite-scroll-item"},"yoast_head":"<!-- This site is optimized with the Yoast SEO plugin v27.4 - https:\/\/yoast.com\/product\/yoast-seo-wordpress\/ -->\n<title>Reflexionen &#8211; Jane Kleinschmit<\/title>\n<meta name=\"robots\" content=\"index, follow, max-snippet:-1, max-image-preview:large, max-video-preview:-1\" \/>\n<link rel=\"canonical\" href=\"https:\/\/janekleinschmit.art\/de\/work-process\/\" \/>\n<meta property=\"og:locale\" content=\"de_DE\" \/>\n<meta property=\"og:type\" content=\"article\" \/>\n<meta property=\"og:title\" content=\"Reflexionen &#8211; Jane Kleinschmit\" \/>\n<meta property=\"og:description\" content=\"April 2022 In den letzten zwei Jahren entstanden eine Vielzahl neuer Bilder. In der Ungewissheit des ersten Lockdowns in der Coronazeit im Fr\u00fchjahr 2020 malte ich vorwiegend abstrakt, als Ausdruck meines Gef\u00fchls des Eingesperrtseins. Diese emotionale Spannung brach sich Bahn in eine eigene Formen- und Farbensprache. Als sich die Coronasituation etwas entspannte, malte&nbsp; ich wieder ... Weiterlesen ...\" \/>\n<meta property=\"og:url\" content=\"https:\/\/janekleinschmit.art\/de\/work-process\/\" \/>\n<meta property=\"og:site_name\" content=\"Jane Kleinschmit\" \/>\n<meta property=\"article:modified_time\" content=\"2022-05-19T07:00:42+00:00\" \/>\n<meta name=\"twitter:card\" content=\"summary_large_image\" \/>\n<meta name=\"twitter:label1\" content=\"Gesch\u00e4tzte Lesezeit\" \/>\n\t<meta name=\"twitter:data1\" content=\"1\u00a0Minute\" \/>\n<script type=\"application\/ld+json\" class=\"yoast-schema-graph\">{\"@context\":\"https:\\\/\\\/schema.org\",\"@graph\":[{\"@type\":\"WebPage\",\"@id\":\"https:\\\/\\\/janekleinschmit.art\\\/de\\\/work-process\\\/\",\"url\":\"https:\\\/\\\/janekleinschmit.art\\\/de\\\/work-process\\\/\",\"name\":\"Reflexionen &#8211; Jane Kleinschmit\",\"isPartOf\":{\"@id\":\"https:\\\/\\\/janekleinschmit.art\\\/de\\\/#website\"},\"datePublished\":\"2022-04-29T11:18:21+00:00\",\"dateModified\":\"2022-05-19T07:00:42+00:00\",\"breadcrumb\":{\"@id\":\"https:\\\/\\\/janekleinschmit.art\\\/de\\\/work-process\\\/#breadcrumb\"},\"inLanguage\":\"de\",\"potentialAction\":[{\"@type\":\"ReadAction\",\"target\":[\"https:\\\/\\\/janekleinschmit.art\\\/de\\\/work-process\\\/\"]}]},{\"@type\":\"BreadcrumbList\",\"@id\":\"https:\\\/\\\/janekleinschmit.art\\\/de\\\/work-process\\\/#breadcrumb\",\"itemListElement\":[{\"@type\":\"ListItem\",\"position\":1,\"name\":\"Home\",\"item\":\"https:\\\/\\\/janekleinschmit.art\\\/de\\\/\"},{\"@type\":\"ListItem\",\"position\":2,\"name\":\"Reflexionen\"}]},{\"@type\":\"WebSite\",\"@id\":\"https:\\\/\\\/janekleinschmit.art\\\/de\\\/#website\",\"url\":\"https:\\\/\\\/janekleinschmit.art\\\/de\\\/\",\"name\":\"Jane Kleinschmit\",\"description\":\"Artist&#039;s Portfolio\",\"publisher\":{\"@id\":\"https:\\\/\\\/janekleinschmit.art\\\/de\\\/#\\\/schema\\\/person\\\/065448c18d216d5e36d6013ebc81e116\"},\"potentialAction\":[{\"@type\":\"SearchAction\",\"target\":{\"@type\":\"EntryPoint\",\"urlTemplate\":\"https:\\\/\\\/janekleinschmit.art\\\/de\\\/?s={search_term_string}\"},\"query-input\":{\"@type\":\"PropertyValueSpecification\",\"valueRequired\":true,\"valueName\":\"search_term_string\"}}],\"inLanguage\":\"de\"},{\"@type\":[\"Person\",\"Organization\"],\"@id\":\"https:\\\/\\\/janekleinschmit.art\\\/de\\\/#\\\/schema\\\/person\\\/065448c18d216d5e36d6013ebc81e116\",\"name\":\"janekk\",\"image\":{\"@type\":\"ImageObject\",\"inLanguage\":\"de\",\"@id\":\"https:\\\/\\\/secure.gravatar.com\\\/avatar\\\/b68e50b68c22c36691f5f4814d5d14b8cff5e8b1358ac6b191f554ccf0a88ed0?s=96&d=mm&r=g\",\"url\":\"https:\\\/\\\/secure.gravatar.com\\\/avatar\\\/b68e50b68c22c36691f5f4814d5d14b8cff5e8b1358ac6b191f554ccf0a88ed0?s=96&d=mm&r=g\",\"contentUrl\":\"https:\\\/\\\/secure.gravatar.com\\\/avatar\\\/b68e50b68c22c36691f5f4814d5d14b8cff5e8b1358ac6b191f554ccf0a88ed0?s=96&d=mm&r=g\",\"caption\":\"janekk\"},\"logo\":{\"@id\":\"https:\\\/\\\/secure.gravatar.com\\\/avatar\\\/b68e50b68c22c36691f5f4814d5d14b8cff5e8b1358ac6b191f554ccf0a88ed0?s=96&d=mm&r=g\"}}]}<\/script>\n<!-- \/ Yoast SEO plugin. -->","yoast_head_json":{"title":"Reflexionen &#8211; Jane Kleinschmit","robots":{"index":"index","follow":"follow","max-snippet":"max-snippet:-1","max-image-preview":"max-image-preview:large","max-video-preview":"max-video-preview:-1"},"canonical":"https:\/\/janekleinschmit.art\/de\/work-process\/","og_locale":"de_DE","og_type":"article","og_title":"Reflexionen &#8211; Jane Kleinschmit","og_description":"April 2022 In den letzten zwei Jahren entstanden eine Vielzahl neuer Bilder. In der Ungewissheit des ersten Lockdowns in der Coronazeit im Fr\u00fchjahr 2020 malte ich vorwiegend abstrakt, als Ausdruck meines Gef\u00fchls des Eingesperrtseins. Diese emotionale Spannung brach sich Bahn in eine eigene Formen- und Farbensprache. Als sich die Coronasituation etwas entspannte, malte&nbsp; ich wieder ... Weiterlesen ...","og_url":"https:\/\/janekleinschmit.art\/de\/work-process\/","og_site_name":"Jane Kleinschmit","article_modified_time":"2022-05-19T07:00:42+00:00","twitter_card":"summary_large_image","twitter_misc":{"Gesch\u00e4tzte Lesezeit":"1\u00a0Minute"},"schema":{"@context":"https:\/\/schema.org","@graph":[{"@type":"WebPage","@id":"https:\/\/janekleinschmit.art\/de\/work-process\/","url":"https:\/\/janekleinschmit.art\/de\/work-process\/","name":"Reflexionen &#8211; Jane Kleinschmit","isPartOf":{"@id":"https:\/\/janekleinschmit.art\/de\/#website"},"datePublished":"2022-04-29T11:18:21+00:00","dateModified":"2022-05-19T07:00:42+00:00","breadcrumb":{"@id":"https:\/\/janekleinschmit.art\/de\/work-process\/#breadcrumb"},"inLanguage":"de","potentialAction":[{"@type":"ReadAction","target":["https:\/\/janekleinschmit.art\/de\/work-process\/"]}]},{"@type":"BreadcrumbList","@id":"https:\/\/janekleinschmit.art\/de\/work-process\/#breadcrumb","itemListElement":[{"@type":"ListItem","position":1,"name":"Home","item":"https:\/\/janekleinschmit.art\/de\/"},{"@type":"ListItem","position":2,"name":"Reflexionen"}]},{"@type":"WebSite","@id":"https:\/\/janekleinschmit.art\/de\/#website","url":"https:\/\/janekleinschmit.art\/de\/","name":"Jane Kleinschmit","description":"Artist&#039;s Portfolio","publisher":{"@id":"https:\/\/janekleinschmit.art\/de\/#\/schema\/person\/065448c18d216d5e36d6013ebc81e116"},"potentialAction":[{"@type":"SearchAction","target":{"@type":"EntryPoint","urlTemplate":"https:\/\/janekleinschmit.art\/de\/?s={search_term_string}"},"query-input":{"@type":"PropertyValueSpecification","valueRequired":true,"valueName":"search_term_string"}}],"inLanguage":"de"},{"@type":["Person","Organization"],"@id":"https:\/\/janekleinschmit.art\/de\/#\/schema\/person\/065448c18d216d5e36d6013ebc81e116","name":"janekk","image":{"@type":"ImageObject","inLanguage":"de","@id":"https:\/\/secure.gravatar.com\/avatar\/b68e50b68c22c36691f5f4814d5d14b8cff5e8b1358ac6b191f554ccf0a88ed0?s=96&d=mm&r=g","url":"https:\/\/secure.gravatar.com\/avatar\/b68e50b68c22c36691f5f4814d5d14b8cff5e8b1358ac6b191f554ccf0a88ed0?s=96&d=mm&r=g","contentUrl":"https:\/\/secure.gravatar.com\/avatar\/b68e50b68c22c36691f5f4814d5d14b8cff5e8b1358ac6b191f554ccf0a88ed0?s=96&d=mm&r=g","caption":"janekk"},"logo":{"@id":"https:\/\/secure.gravatar.com\/avatar\/b68e50b68c22c36691f5f4814d5d14b8cff5e8b1358ac6b191f554ccf0a88ed0?s=96&d=mm&r=g"}}]}},"_links":{"self":[{"href":"https:\/\/janekleinschmit.art\/de\/wp-json\/wp\/v2\/pages\/2790","targetHints":{"allow":["GET"]}}],"collection":[{"href":"https:\/\/janekleinschmit.art\/de\/wp-json\/wp\/v2\/pages"}],"about":[{"href":"https:\/\/janekleinschmit.art\/de\/wp-json\/wp\/v2\/types\/page"}],"author":[{"embeddable":true,"href":"https:\/\/janekleinschmit.art\/de\/wp-json\/wp\/v2\/users\/15"}],"replies":[{"embeddable":true,"href":"https:\/\/janekleinschmit.art\/de\/wp-json\/wp\/v2\/comments?post=2790"}],"version-history":[{"count":16,"href":"https:\/\/janekleinschmit.art\/de\/wp-json\/wp\/v2\/pages\/2790\/revisions"}],"predecessor-version":[{"id":2932,"href":"https:\/\/janekleinschmit.art\/de\/wp-json\/wp\/v2\/pages\/2790\/revisions\/2932"}],"wp:attachment":[{"href":"https:\/\/janekleinschmit.art\/de\/wp-json\/wp\/v2\/media?parent=2790"}],"curies":[{"name":"wp","href":"https:\/\/api.w.org\/{rel}","templated":true}]}}