{"id":1758,"date":"2020-05-16T17:54:00","date_gmt":"2020-05-16T15:54:00","guid":{"rendered":"https:\/\/janekleinschmit.art\/?page_id=1758"},"modified":"2025-12-28T16:20:14","modified_gmt":"2025-12-28T15:20:14","slug":"about-jane-kleinschmit","status":"publish","type":"page","link":"https:\/\/janekleinschmit.art\/es\/","title":{"rendered":"Sobre Jane Kleinschmit"},"content":{"rendered":"\n<div class=\"wp-block-columns is-layout-flex wp-container-core-columns-is-layout-9d6595d7 wp-block-columns-is-layout-flex\">\n<div class=\"wp-block-column is-layout-flow wp-block-column-is-layout-flow\">\n<h2 class=\"wp-block-heading\">Declaraci\u00f3n del artista<\/h2>\n\n\n\n<p>En mi pintura, busco belleza, fuerza, sensibilidad y movimiento en un proceso cont\u00ednuo. Es la explosi\u00f3n de colores, la confrontaci\u00f3n de formas y el uso de gestos expresivos que m\u00e1s caracterizan mi obra. Vivir en Espa\u00f1a me ha hecho darme cuenta de hasta qu\u00e9 punto tiene sus ra\u00edces en la tradici\u00f3n expresionista del norte de Europa. Aunque el escenario del sur me est\u00e1 influyendo mucho, he llegado a la conclusi\u00f3n de hasta qu\u00e9 punto realmente tiene sus ra\u00edces en la tradici\u00f3n expresionista del norte de Europa.<\/p>\n\n\n\n<p>Temas frecuentes en mis pinturas figurativas son los animales, las plantas, el ser humano, la playa y el mar con sus cambios permanentes. Las figuras se encuentran a veces en un ambiente m\u00e1gico de jardines tropicales, en ocasiones en un aparentemente simple aunque poderoso escenario que puede tener un efecto casi hipn\u00f3tico en el espectador. Colores y formas contrastadas forman una parte importante junto con la visi\u00f3n de movimiento. Disfruto especialmente creando situaciones absurdas, como jirafas en la playa o elefantes en el cielo, que sugieren otra realidad.<br>Y as\u00ed parece totalmente natural que una jirafa merodee por las playas de Granada, y no podr\u00eda ser m\u00e1s normal.<\/p>\n\n\n\n<p>Siempre he escuchado m\u00fasica, a veces incluso cantaba mientras pintaba. Durante el proceso de creaci\u00f3n, l\u00f3gicamente, hay distintas fases, de las cuales algunas necesitan m\u00fasica, mientras otras necesitan silencio, que tambi\u00e9n se puede entender como una forma de m\u00fasica. Por ejemplo, una melod\u00eda en la radio puede inspirar una improvisaci\u00f3n de canto, de la que emana una pintura. \u00daltimamente, el canto ocupa un papel m\u00e1s destacado dentro de mi obra art\u00edstica. La pintura actual se desarrolla como una continuaci\u00f3n de la idea musical, y viceversa. As\u00ed el cuadro se pinta solo, la pintora como simple instrumento, y la m\u00fasica como pauta sincronizada del trazo. \u00bfSuena a cuento, no? Pues es as\u00ed. La pintura y el canto se complementan en la creaci\u00f3n.<\/p>\n\n\n\n<p><\/p>\n<\/div>\n\n\n\n<div class=\"wp-block-column is-layout-flow wp-block-column-is-layout-flow\">\n<figure class=\"wp-block-image size-large\"><a href=\"https:\/\/janekleinschmit.art\/es\/portfolio\/mar\/\"><img loading=\"lazy\" decoding=\"async\" width=\"1024\" height=\"790\" src=\"https:\/\/janekleinschmit.art\/wp-content\/uploads\/2022\/10\/Olas-con-horizonte-114-x-114-cm.jpg\" alt=\"\" class=\"wp-image-3187\" srcset=\"https:\/\/janekleinschmit.art\/wp-content\/uploads\/2022\/10\/Olas-con-horizonte-114-x-114-cm.jpg 1024w, https:\/\/janekleinschmit.art\/wp-content\/uploads\/2022\/10\/Olas-con-horizonte-114-x-114-cm-500x386.jpg 500w, https:\/\/janekleinschmit.art\/wp-content\/uploads\/2022\/10\/Olas-con-horizonte-114-x-114-cm-768x593.jpg 768w, https:\/\/janekleinschmit.art\/wp-content\/uploads\/2022\/10\/Olas-con-horizonte-114-x-114-cm-648x500.jpg 648w\" sizes=\"auto, (max-width: 1024px) 100vw, 1024px\" \/><\/a><\/figure>\n\n\n\n<p class=\"has-text-align-center\"><a href=\"https:\/\/janekleinschmit.art\/es\/portfolio\/mar\/\">Mar<\/a><\/p>\n\n\n\n<figure class=\"wp-block-image size-large\"><a href=\"https:\/\/janekleinschmit.art\/es\/portfolio\/paisaje\/\"><img loading=\"lazy\" decoding=\"async\" width=\"1024\" height=\"817\" src=\"https:\/\/janekleinschmit.art\/wp-content\/uploads\/2022\/04\/Sierra-con-estrellas-III.jpg\" alt=\"Sierra con estrellas III, \u00f3leo sobre tela, 92 x 73 cm, 2021\" class=\"wp-image-2600\" srcset=\"https:\/\/janekleinschmit.art\/wp-content\/uploads\/2022\/04\/Sierra-con-estrellas-III.jpg 1024w, https:\/\/janekleinschmit.art\/wp-content\/uploads\/2022\/04\/Sierra-con-estrellas-III-500x399.jpg 500w, https:\/\/janekleinschmit.art\/wp-content\/uploads\/2022\/04\/Sierra-con-estrellas-III-768x613.jpg 768w, https:\/\/janekleinschmit.art\/wp-content\/uploads\/2022\/04\/Sierra-con-estrellas-III-627x500.jpg 627w\" sizes=\"auto, (max-width: 1024px) 100vw, 1024px\" \/><\/a><\/figure>\n\n\n\n<p class=\"has-text-align-center\"><a href=\"https:\/\/janekleinschmit.art\/es\/portfolio\/paisaje\/\">Paisajes<\/a><\/p>\n\n\n\n<figure class=\"wp-block-image size-large\"><a href=\"https:\/\/janekleinschmit.art\/es\/portfolio\/flora\/\"><img loading=\"lazy\" decoding=\"async\" width=\"1024\" height=\"791\" src=\"https:\/\/janekleinschmit.art\/wp-content\/uploads\/2022\/03\/La-llegada-de-la-primavera-50-x-40-cm.jpg\" alt=\"La llegada de la primavera, 50 x 40 cm, oil on canvas, 2021, (Private collection)\" class=\"wp-image-2492\" srcset=\"https:\/\/janekleinschmit.art\/wp-content\/uploads\/2022\/03\/La-llegada-de-la-primavera-50-x-40-cm.jpg 1024w, https:\/\/janekleinschmit.art\/wp-content\/uploads\/2022\/03\/La-llegada-de-la-primavera-50-x-40-cm-500x386.jpg 500w, https:\/\/janekleinschmit.art\/wp-content\/uploads\/2022\/03\/La-llegada-de-la-primavera-50-x-40-cm-768x593.jpg 768w, https:\/\/janekleinschmit.art\/wp-content\/uploads\/2022\/03\/La-llegada-de-la-primavera-50-x-40-cm-647x500.jpg 647w\" sizes=\"auto, (max-width: 1024px) 100vw, 1024px\" \/><\/a><\/figure>\n\n\n\n<p class=\"has-text-align-center\"><a href=\"https:\/\/janekleinschmit.art\/es\/portfolio\/flora\/\">Flora<\/a><\/p>\n\n\n\n<figure class=\"wp-block-image size-large\"><a href=\"https:\/\/janekleinschmit.art\/es\/portfolio\/still-life\/\"><img loading=\"lazy\" decoding=\"async\" width=\"751\" height=\"600\" src=\"https:\/\/janekleinschmit.art\/wp-content\/uploads\/2022\/10\/Still-Life-1.jpg\" alt=\"\" class=\"wp-image-3235\" srcset=\"https:\/\/janekleinschmit.art\/wp-content\/uploads\/2022\/10\/Still-Life-1.jpg 751w, https:\/\/janekleinschmit.art\/wp-content\/uploads\/2022\/10\/Still-Life-1-500x399.jpg 500w, https:\/\/janekleinschmit.art\/wp-content\/uploads\/2022\/10\/Still-Life-1-626x500.jpg 626w\" sizes=\"auto, (max-width: 751px) 100vw, 751px\" \/><\/a><\/figure>\n\n\n\n<p class=\"has-text-align-center\"><a href=\"https:\/\/janekleinschmit.art\/es\/portfolio\/bodegones\/\">Naturaleza muerta<\/a><\/p>\n\n\n\n<figure class=\"wp-block-image size-full\"><a href=\"https:\/\/janekleinschmit.art\/es\/portfolio\/retratos\/\"><img loading=\"lazy\" decoding=\"async\" width=\"1024\" height=\"933\" src=\"https:\/\/janekleinschmit.art\/wp-content\/uploads\/2025\/05\/Lion-40-x-40-cm-Ol-auf-Leinwand-2019.jpg\" alt=\"\" class=\"wp-image-3916\" srcset=\"https:\/\/janekleinschmit.art\/wp-content\/uploads\/2025\/05\/Lion-40-x-40-cm-Ol-auf-Leinwand-2019.jpg 1024w, https:\/\/janekleinschmit.art\/wp-content\/uploads\/2025\/05\/Lion-40-x-40-cm-Ol-auf-Leinwand-2019-500x456.jpg 500w, https:\/\/janekleinschmit.art\/wp-content\/uploads\/2025\/05\/Lion-40-x-40-cm-Ol-auf-Leinwand-2019-768x700.jpg 768w, https:\/\/janekleinschmit.art\/wp-content\/uploads\/2025\/05\/Lion-40-x-40-cm-Ol-auf-Leinwand-2019-549x500.jpg 549w\" sizes=\"auto, (max-width: 1024px) 100vw, 1024px\" \/><\/a><\/figure>\n\n\n\n<p class=\"has-text-align-center\"><a href=\"https:\/\/janekleinschmit.art\/es\/portfolio\/retratos\/\">Retratos<\/a><\/p>\n\n\n\n<figure class=\"wp-block-image size-full\"><a href=\"https:\/\/janekleinschmit.art\/es\/portfolio\/abstracto\/\"><img loading=\"lazy\" decoding=\"async\" width=\"1024\" height=\"618\" src=\"https:\/\/janekleinschmit.art\/wp-content\/uploads\/2022\/10\/El-choque-I-55-x-33-cm-Ol-auf-Leinwand-2020.jpg\" alt=\"\" class=\"wp-image-3202\" srcset=\"https:\/\/janekleinschmit.art\/wp-content\/uploads\/2022\/10\/El-choque-I-55-x-33-cm-Ol-auf-Leinwand-2020.jpg 1024w, https:\/\/janekleinschmit.art\/wp-content\/uploads\/2022\/10\/El-choque-I-55-x-33-cm-Ol-auf-Leinwand-2020-500x302.jpg 500w, https:\/\/janekleinschmit.art\/wp-content\/uploads\/2022\/10\/El-choque-I-55-x-33-cm-Ol-auf-Leinwand-2020-768x464.jpg 768w, https:\/\/janekleinschmit.art\/wp-content\/uploads\/2022\/10\/El-choque-I-55-x-33-cm-Ol-auf-Leinwand-2020-828x500.jpg 828w\" sizes=\"auto, (max-width: 1024px) 100vw, 1024px\" \/><\/a><\/figure>\n\n\n\n<p class=\"has-text-align-center\"><a href=\"https:\/\/janekleinschmit.art\/es\/portfolio\/abstracto\/\">Abstracto<\/a><\/p>\n<\/div>\n\n\n\n<div class=\"wp-block-column is-layout-flow wp-block-column-is-layout-flow\">\n<figure class=\"wp-block-image size-large\"><a href=\"https:\/\/janekleinschmit.art\/es\/portfolio\/figuras\/\"><img loading=\"lazy\" decoding=\"async\" width=\"757\" height=\"1024\" src=\"https:\/\/janekleinschmit.art\/wp-content\/uploads\/2022\/03\/Vida-cotidiana-80-x-61-cm-757x1024.jpg\" alt=\"Vida cotidiana I, 81 x 60 cm, oil on canvas, 2022 (private collection)\" class=\"wp-image-2475\" srcset=\"https:\/\/janekleinschmit.art\/wp-content\/uploads\/2022\/03\/Vida-cotidiana-80-x-61-cm-757x1024.jpg 757w, https:\/\/janekleinschmit.art\/wp-content\/uploads\/2022\/03\/Vida-cotidiana-80-x-61-cm-370x500.jpg 370w, https:\/\/janekleinschmit.art\/wp-content\/uploads\/2022\/03\/Vida-cotidiana-80-x-61-cm-768x1039.jpg 768w, https:\/\/janekleinschmit.art\/wp-content\/uploads\/2022\/03\/Vida-cotidiana-80-x-61-cm.jpg 887w\" sizes=\"auto, (max-width: 757px) 100vw, 757px\" \/><\/a><\/figure>\n\n\n\n<p class=\"has-text-align-center\"><a href=\"https:\/\/janekleinschmit.art\/es\/portfolio\/figuras\/\">Figuras<\/a><\/p>\n\n\n\n<figure class=\"wp-block-image size-large\"><a href=\"https:\/\/janekleinschmit.art\/es\/portfolio\/playa\/\"><img loading=\"lazy\" decoding=\"async\" width=\"1024\" height=\"638\" src=\"https:\/\/janekleinschmit.art\/wp-content\/uploads\/2022\/03\/Conferencia-en-la-playa-80-x-50-cm.jpg\" alt=\"Conferencia en la playa, 80 x 50 cm, oil on canvas, 2021\" class=\"wp-image-2454\" srcset=\"https:\/\/janekleinschmit.art\/wp-content\/uploads\/2022\/03\/Conferencia-en-la-playa-80-x-50-cm.jpg 1024w, https:\/\/janekleinschmit.art\/wp-content\/uploads\/2022\/03\/Conferencia-en-la-playa-80-x-50-cm-500x312.jpg 500w, https:\/\/janekleinschmit.art\/wp-content\/uploads\/2022\/03\/Conferencia-en-la-playa-80-x-50-cm-768x479.jpg 768w, https:\/\/janekleinschmit.art\/wp-content\/uploads\/2022\/03\/Conferencia-en-la-playa-80-x-50-cm-803x500.jpg 803w\" sizes=\"auto, (max-width: 1024px) 100vw, 1024px\" \/><\/a><\/figure>\n\n\n\n<p class=\"has-text-align-center\"><a href=\"https:\/\/janekleinschmit.art\/es\/portfolio\/playa\/\">Playa<\/a><\/p>\n\n\n\n<figure class=\"wp-block-image size-large\"><a href=\"https:\/\/janekleinschmit.art\/es\/portfolio\/fauna\/\"><img loading=\"lazy\" decoding=\"async\" width=\"500\" height=\"500\" src=\"https:\/\/janekleinschmit.art\/wp-content\/uploads\/2022\/11\/fauna.jpg\" alt=\"\" class=\"wp-image-3336\" srcset=\"https:\/\/janekleinschmit.art\/wp-content\/uploads\/2022\/11\/fauna.jpg 500w, https:\/\/janekleinschmit.art\/wp-content\/uploads\/2022\/11\/fauna-200x200.jpg 200w\" sizes=\"auto, (max-width: 500px) 100vw, 500px\" \/><\/a><\/figure>\n\n\n\n<p class=\"has-text-align-center\"><a href=\"https:\/\/janekleinschmit.art\/es\/portfolio\/fauna\/\">Fauna<\/a><\/p>\n\n\n\n<figure class=\"wp-block-image size-large\"><a href=\"https:\/\/janekleinschmit.art\/es\/portfolio\/granadas\/\"><img loading=\"lazy\" decoding=\"async\" width=\"611\" height=\"600\" src=\"https:\/\/janekleinschmit.art\/wp-content\/uploads\/2020\/04\/jane-kleinschmit-n_07-1.jpg\" alt=\"Granadas\" class=\"wp-image-598\" srcset=\"https:\/\/janekleinschmit.art\/wp-content\/uploads\/2020\/04\/jane-kleinschmit-n_07-1.jpg 611w, https:\/\/janekleinschmit.art\/wp-content\/uploads\/2020\/04\/jane-kleinschmit-n_07-1-500x491.jpg 500w, https:\/\/janekleinschmit.art\/wp-content\/uploads\/2020\/04\/jane-kleinschmit-n_07-1-509x500.jpg 509w\" sizes=\"auto, (max-width: 611px) 100vw, 611px\" \/><\/a><\/figure>\n\n\n\n<p class=\"has-text-align-center\"><a href=\"https:\/\/janekleinschmit.art\/es\/portfolio\/granadas\/\">Granadas<\/a><\/p>\n\n\n\n<figure class=\"wp-block-image size-large\"><a href=\"https:\/\/janekleinschmit.art\/es\/portfolio\/esculturas-ceramicas\/\"><img loading=\"lazy\" decoding=\"async\" width=\"1024\" height=\"768\" src=\"https:\/\/janekleinschmit.art\/wp-content\/uploads\/2020\/06\/IMG_2120.jpg\" alt=\"Esculturas Cer\u00e1micas\" class=\"wp-image-2398\" srcset=\"https:\/\/janekleinschmit.art\/wp-content\/uploads\/2020\/06\/IMG_2120.jpg 1024w, https:\/\/janekleinschmit.art\/wp-content\/uploads\/2020\/06\/IMG_2120-500x375.jpg 500w, https:\/\/janekleinschmit.art\/wp-content\/uploads\/2020\/06\/IMG_2120-768x576.jpg 768w, https:\/\/janekleinschmit.art\/wp-content\/uploads\/2020\/06\/IMG_2120-667x500.jpg 667w\" sizes=\"auto, (max-width: 1024px) 100vw, 1024px\" \/><\/a><\/figure>\n\n\n\n<p class=\"has-text-align-center\"><a href=\"https:\/\/janekleinschmit.art\/es\/portfolio\/esculturas-ceramicas\/\">Esculturas Cer\u00e1micas<\/a><\/p>\n<\/div>\n<\/div>\n\n\n\n<p><\/p>\n","protected":false},"excerpt":{"rendered":"<p>Declaraci\u00f3n del artista En mi pintura, busco belleza, fuerza, sensibilidad y movimiento en un proceso cont\u00ednuo. Es la explosi\u00f3n de colores, la confrontaci\u00f3n de formas y el uso de gestos expresivos que m\u00e1s caracterizan mi obra. Vivir en Espa\u00f1a me ha hecho darme cuenta de hasta qu\u00e9 punto tiene sus ra\u00edces en la tradici\u00f3n expresionista &#8230; <\/p>\n<p class=\"read-more-container\"><a title=\"Sobre Jane Kleinschmit\" class=\"read-more button\" href=\"https:\/\/janekleinschmit.art\/es\/#more-1758\" aria-label=\"Leer m\u00e1s sobre Sobre Jane Kleinschmit\">Leer m\u00e1s<\/a><\/p>\n","protected":false},"author":20,"featured_media":0,"parent":0,"menu_order":1,"comment_status":"closed","ping_status":"closed","template":"","meta":{"ngg_post_thumbnail":0,"footnotes":""},"class_list":{"0":"post-1758","1":"page","2":"type-page","3":"status-publish","5":"infinite-scroll-item"},"yoast_head":"<!-- This site is optimized with the Yoast SEO plugin v27.3 - https:\/\/yoast.com\/product\/yoast-seo-wordpress\/ -->\n<title>Sobre Jane Kleinschmit &#8211; Jane Kleinschmit<\/title>\n<meta name=\"robots\" content=\"index, follow, max-snippet:-1, max-image-preview:large, max-video-preview:-1\" \/>\n<link rel=\"canonical\" href=\"https:\/\/janekleinschmit.art\/es\/\" \/>\n<meta property=\"og:locale\" content=\"es_ES\" \/>\n<meta property=\"og:type\" content=\"article\" \/>\n<meta property=\"og:title\" content=\"Sobre Jane Kleinschmit &#8211; Jane Kleinschmit\" \/>\n<meta property=\"og:description\" content=\"Declaraci\u00f3n del artista En mi pintura, busco belleza, fuerza, sensibilidad y movimiento en un proceso cont\u00ednuo. Es la explosi\u00f3n de colores, la confrontaci\u00f3n de formas y el uso de gestos expresivos que m\u00e1s caracterizan mi obra. Vivir en Espa\u00f1a me ha hecho darme cuenta de hasta qu\u00e9 punto tiene sus ra\u00edces en la tradici\u00f3n expresionista ... Leer m\u00e1s\" \/>\n<meta property=\"og:url\" content=\"https:\/\/janekleinschmit.art\/es\/\" \/>\n<meta property=\"og:site_name\" content=\"Jane Kleinschmit\" \/>\n<meta property=\"article:modified_time\" content=\"2025-12-28T15:20:14+00:00\" \/>\n<meta property=\"og:image\" content=\"https:\/\/janekleinschmit.art\/wp-content\/uploads\/2022\/10\/Olas-con-horizonte-114-x-114-cm.jpg\" \/>\n<meta name=\"twitter:card\" content=\"summary_large_image\" \/>\n<meta name=\"twitter:label1\" content=\"Tiempo de lectura\" \/>\n\t<meta name=\"twitter:data1\" content=\"4 minutos\" \/>\n<script type=\"application\/ld+json\" class=\"yoast-schema-graph\">{\"@context\":\"https:\\\/\\\/schema.org\",\"@graph\":[{\"@type\":\"WebPage\",\"@id\":\"https:\\\/\\\/janekleinschmit.art\\\/es\\\/\",\"url\":\"https:\\\/\\\/janekleinschmit.art\\\/es\\\/\",\"name\":\"Sobre Jane Kleinschmit &#8211; Jane Kleinschmit\",\"isPartOf\":{\"@id\":\"https:\\\/\\\/janekleinschmit.art\\\/es\\\/#website\"},\"primaryImageOfPage\":{\"@id\":\"https:\\\/\\\/janekleinschmit.art\\\/es\\\/#primaryimage\"},\"image\":{\"@id\":\"https:\\\/\\\/janekleinschmit.art\\\/es\\\/#primaryimage\"},\"thumbnailUrl\":\"https:\\\/\\\/janekleinschmit.art\\\/wp-content\\\/uploads\\\/2022\\\/10\\\/Olas-con-horizonte-114-x-114-cm.jpg\",\"datePublished\":\"2020-05-16T15:54:00+00:00\",\"dateModified\":\"2025-12-28T15:20:14+00:00\",\"breadcrumb\":{\"@id\":\"https:\\\/\\\/janekleinschmit.art\\\/es\\\/#breadcrumb\"},\"inLanguage\":\"es\",\"potentialAction\":[{\"@type\":\"ReadAction\",\"target\":[\"https:\\\/\\\/janekleinschmit.art\\\/es\\\/\"]}]},{\"@type\":\"ImageObject\",\"inLanguage\":\"es\",\"@id\":\"https:\\\/\\\/janekleinschmit.art\\\/es\\\/#primaryimage\",\"url\":\"https:\\\/\\\/janekleinschmit.art\\\/wp-content\\\/uploads\\\/2022\\\/10\\\/Olas-con-horizonte-114-x-114-cm.jpg\",\"contentUrl\":\"https:\\\/\\\/janekleinschmit.art\\\/wp-content\\\/uploads\\\/2022\\\/10\\\/Olas-con-horizonte-114-x-114-cm.jpg\"},{\"@type\":\"BreadcrumbList\",\"@id\":\"https:\\\/\\\/janekleinschmit.art\\\/es\\\/#breadcrumb\",\"itemListElement\":[{\"@type\":\"ListItem\",\"position\":1,\"name\":\"Home\",\"item\":\"https:\\\/\\\/janekleinschmit.art\\\/es\\\/\"},{\"@type\":\"ListItem\",\"position\":2,\"name\":\"Sobre Jane Kleinschmit\"}]},{\"@type\":\"WebSite\",\"@id\":\"https:\\\/\\\/janekleinschmit.art\\\/es\\\/#website\",\"url\":\"https:\\\/\\\/janekleinschmit.art\\\/es\\\/\",\"name\":\"Jane Kleinschmit\",\"description\":\"Artist&#039;s Portfolio\",\"publisher\":{\"@id\":\"https:\\\/\\\/janekleinschmit.art\\\/es\\\/#\\\/schema\\\/person\\\/065448c18d216d5e36d6013ebc81e116\"},\"potentialAction\":[{\"@type\":\"SearchAction\",\"target\":{\"@type\":\"EntryPoint\",\"urlTemplate\":\"https:\\\/\\\/janekleinschmit.art\\\/es\\\/?s={search_term_string}\"},\"query-input\":{\"@type\":\"PropertyValueSpecification\",\"valueRequired\":true,\"valueName\":\"search_term_string\"}}],\"inLanguage\":\"es\"},{\"@type\":[\"Person\",\"Organization\"],\"@id\":\"https:\\\/\\\/janekleinschmit.art\\\/es\\\/#\\\/schema\\\/person\\\/065448c18d216d5e36d6013ebc81e116\",\"name\":\"janekk\",\"image\":{\"@type\":\"ImageObject\",\"inLanguage\":\"es\",\"@id\":\"https:\\\/\\\/secure.gravatar.com\\\/avatar\\\/b68e50b68c22c36691f5f4814d5d14b8cff5e8b1358ac6b191f554ccf0a88ed0?s=96&d=mm&r=g\",\"url\":\"https:\\\/\\\/secure.gravatar.com\\\/avatar\\\/b68e50b68c22c36691f5f4814d5d14b8cff5e8b1358ac6b191f554ccf0a88ed0?s=96&d=mm&r=g\",\"contentUrl\":\"https:\\\/\\\/secure.gravatar.com\\\/avatar\\\/b68e50b68c22c36691f5f4814d5d14b8cff5e8b1358ac6b191f554ccf0a88ed0?s=96&d=mm&r=g\",\"caption\":\"janekk\"},\"logo\":{\"@id\":\"https:\\\/\\\/secure.gravatar.com\\\/avatar\\\/b68e50b68c22c36691f5f4814d5d14b8cff5e8b1358ac6b191f554ccf0a88ed0?s=96&d=mm&r=g\"}}]}<\/script>\n<!-- \/ Yoast SEO plugin. -->","yoast_head_json":{"title":"Sobre Jane Kleinschmit &#8211; Jane Kleinschmit","robots":{"index":"index","follow":"follow","max-snippet":"max-snippet:-1","max-image-preview":"max-image-preview:large","max-video-preview":"max-video-preview:-1"},"canonical":"https:\/\/janekleinschmit.art\/es\/","og_locale":"es_ES","og_type":"article","og_title":"Sobre Jane Kleinschmit &#8211; Jane Kleinschmit","og_description":"Declaraci\u00f3n del artista En mi pintura, busco belleza, fuerza, sensibilidad y movimiento en un proceso cont\u00ednuo. Es la explosi\u00f3n de colores, la confrontaci\u00f3n de formas y el uso de gestos expresivos que m\u00e1s caracterizan mi obra. Vivir en Espa\u00f1a me ha hecho darme cuenta de hasta qu\u00e9 punto tiene sus ra\u00edces en la tradici\u00f3n expresionista ... Leer m\u00e1s","og_url":"https:\/\/janekleinschmit.art\/es\/","og_site_name":"Jane Kleinschmit","article_modified_time":"2025-12-28T15:20:14+00:00","og_image":[{"url":"https:\/\/janekleinschmit.art\/wp-content\/uploads\/2022\/10\/Olas-con-horizonte-114-x-114-cm.jpg","type":"","width":"","height":""}],"twitter_card":"summary_large_image","twitter_misc":{"Tiempo de lectura":"4 minutos"},"schema":{"@context":"https:\/\/schema.org","@graph":[{"@type":"WebPage","@id":"https:\/\/janekleinschmit.art\/es\/","url":"https:\/\/janekleinschmit.art\/es\/","name":"Sobre Jane Kleinschmit &#8211; Jane Kleinschmit","isPartOf":{"@id":"https:\/\/janekleinschmit.art\/es\/#website"},"primaryImageOfPage":{"@id":"https:\/\/janekleinschmit.art\/es\/#primaryimage"},"image":{"@id":"https:\/\/janekleinschmit.art\/es\/#primaryimage"},"thumbnailUrl":"https:\/\/janekleinschmit.art\/wp-content\/uploads\/2022\/10\/Olas-con-horizonte-114-x-114-cm.jpg","datePublished":"2020-05-16T15:54:00+00:00","dateModified":"2025-12-28T15:20:14+00:00","breadcrumb":{"@id":"https:\/\/janekleinschmit.art\/es\/#breadcrumb"},"inLanguage":"es","potentialAction":[{"@type":"ReadAction","target":["https:\/\/janekleinschmit.art\/es\/"]}]},{"@type":"ImageObject","inLanguage":"es","@id":"https:\/\/janekleinschmit.art\/es\/#primaryimage","url":"https:\/\/janekleinschmit.art\/wp-content\/uploads\/2022\/10\/Olas-con-horizonte-114-x-114-cm.jpg","contentUrl":"https:\/\/janekleinschmit.art\/wp-content\/uploads\/2022\/10\/Olas-con-horizonte-114-x-114-cm.jpg"},{"@type":"BreadcrumbList","@id":"https:\/\/janekleinschmit.art\/es\/#breadcrumb","itemListElement":[{"@type":"ListItem","position":1,"name":"Home","item":"https:\/\/janekleinschmit.art\/es\/"},{"@type":"ListItem","position":2,"name":"Sobre Jane Kleinschmit"}]},{"@type":"WebSite","@id":"https:\/\/janekleinschmit.art\/es\/#website","url":"https:\/\/janekleinschmit.art\/es\/","name":"Jane Kleinschmit","description":"Artist&#039;s Portfolio","publisher":{"@id":"https:\/\/janekleinschmit.art\/es\/#\/schema\/person\/065448c18d216d5e36d6013ebc81e116"},"potentialAction":[{"@type":"SearchAction","target":{"@type":"EntryPoint","urlTemplate":"https:\/\/janekleinschmit.art\/es\/?s={search_term_string}"},"query-input":{"@type":"PropertyValueSpecification","valueRequired":true,"valueName":"search_term_string"}}],"inLanguage":"es"},{"@type":["Person","Organization"],"@id":"https:\/\/janekleinschmit.art\/es\/#\/schema\/person\/065448c18d216d5e36d6013ebc81e116","name":"janekk","image":{"@type":"ImageObject","inLanguage":"es","@id":"https:\/\/secure.gravatar.com\/avatar\/b68e50b68c22c36691f5f4814d5d14b8cff5e8b1358ac6b191f554ccf0a88ed0?s=96&d=mm&r=g","url":"https:\/\/secure.gravatar.com\/avatar\/b68e50b68c22c36691f5f4814d5d14b8cff5e8b1358ac6b191f554ccf0a88ed0?s=96&d=mm&r=g","contentUrl":"https:\/\/secure.gravatar.com\/avatar\/b68e50b68c22c36691f5f4814d5d14b8cff5e8b1358ac6b191f554ccf0a88ed0?s=96&d=mm&r=g","caption":"janekk"},"logo":{"@id":"https:\/\/secure.gravatar.com\/avatar\/b68e50b68c22c36691f5f4814d5d14b8cff5e8b1358ac6b191f554ccf0a88ed0?s=96&d=mm&r=g"}}]}},"_links":{"self":[{"href":"https:\/\/janekleinschmit.art\/es\/wp-json\/wp\/v2\/pages\/1758","targetHints":{"allow":["GET"]}}],"collection":[{"href":"https:\/\/janekleinschmit.art\/es\/wp-json\/wp\/v2\/pages"}],"about":[{"href":"https:\/\/janekleinschmit.art\/es\/wp-json\/wp\/v2\/types\/page"}],"author":[{"embeddable":true,"href":"https:\/\/janekleinschmit.art\/es\/wp-json\/wp\/v2\/users\/20"}],"replies":[{"embeddable":true,"href":"https:\/\/janekleinschmit.art\/es\/wp-json\/wp\/v2\/comments?post=1758"}],"version-history":[{"count":15,"href":"https:\/\/janekleinschmit.art\/es\/wp-json\/wp\/v2\/pages\/1758\/revisions"}],"predecessor-version":[{"id":5257,"href":"https:\/\/janekleinschmit.art\/es\/wp-json\/wp\/v2\/pages\/1758\/revisions\/5257"}],"wp:attachment":[{"href":"https:\/\/janekleinschmit.art\/es\/wp-json\/wp\/v2\/media?parent=1758"}],"curies":[{"name":"wp","href":"https:\/\/api.w.org\/{rel}","templated":true}]}}