{"id":1856,"date":"2020-05-01T17:15:06","date_gmt":"2020-05-01T17:15:06","guid":{"rendered":"https:\/\/janekleinschmit.art\/cv\/"},"modified":"2023-10-31T12:53:51","modified_gmt":"2023-10-31T11:53:51","slug":"cv","status":"publish","type":"page","link":"https:\/\/janekleinschmit.art\/es\/cv\/","title":{"rendered":"Curr\u00edculum"},"content":{"rendered":"<h2>Biograf\u00eda<\/h2>\n<p>Naci\u00f3 en 1968 en Hannover, Alemania, y recibi\u00f3 su educaci\u00f3n escolar en Hanau, Frankfurt, y durante un a\u00f1o en los Estados Unidos. Estudi\u00f3 Bellas Artes en la Universidad de Kassel, Alemania, con becas en Reading, Londres, y Salamanca. En paralelo, tambi\u00e9n estudi\u00f3 solfeo. Licenciada en Bellas Artes, actualmente vive y trabaja entre Granada y Hanau (Franktfurt\/M.), Alemania.<\/p>\n<h2>Individuales (selecci\u00f3n)<\/h2>\n<p>2021 El para\u00edso perdido?, LA FABRICA, Lanjaron.<\/p>\n<p>2017\u00a0<a href=\"https:\/\/janekleinschmit.art\/art-blog\/2017-hotel-ladron-de-agua-granada-spain\/\">Hotel Ladron de Agua<\/a>, Granada.<\/p>\n<p>2017 <a href=\"https:\/\/janekleinschmit.art\/art-blog\/2017-galeria-centro-competa-malaga-spain\/\">Galer\u00eda Centro<\/a> Competa, M\u00e1laga.<\/p>\n<p>2017 Antiguo Ayuntamiento, \u00d3rgiva.<\/p>\n<p>2015 \u00abS\u00fcdliche Rhythmen\u00bb\u00a0<a href=\"https:\/\/janekleinschmit.art\/art-blog\/2015-sudliche-rhythmen-hanauer-kulturverein-remisengalerie-germany\/\">Hanauer Kulturverein Remisengalerie<\/a>, Hanau, Alemania.<\/p>\n<p>2014\u00a0<a href=\"https:\/\/janekleinschmit.art\/art-blog\/2014-galeria-cartel-granada-spain\/\">Galer\u00eda Cartel<\/a>, Granada.<\/p>\n<p>2012 Sala de exposici\u00f3nes, Plaza Aliatar, Albaycin, Granada.<\/p>\n<p>2011 Remisengalerie, Schloss Philippsruhe, Hanau, Alemania.<\/p>\n<p>2011 \u00abMomentos mediterraneos\u00bb, Sala Alpujarra, \u00d3rgiva, Granada.<\/p>\n<p>2010\u00a0<a href=\"https:\/\/janekleinschmit.art\/art-blog\/2010-ayuntamiento-de-frigiliana-malaga-spain\/\">Ayuntamiento de Frigiliana<\/a>, M\u00e1laga.<\/p>\n<p>2009 Bodega 3M, Granada.<\/p>\n<p>2008 Golfclub Kassel, Restaurante, Alemania.<\/p>\n<p>2007 Kulturdenkst\u00e4tte Ehemalige Synagoge, Grosskrotzenburg, Hanau, Alemania.<\/p>\n<p>2006\u00a0<a href=\"https:\/\/janekleinschmit.art\/art-blog\/2006-museo-cuevas-del-sacromonte-centro-de-interpretacion-granada-spain\/\">Museo Cuevas del Sacromonte<\/a>, Centro de Interpretaci\u00f3n Granada.<\/p>\n<p>2006 Galer\u00eda<a href=\"https:\/\/janekleinschmit.art\/art-blog\/2006-espacio-tres-malaga-spain\/\">\u00a0Espacio Tres<\/a>, M\u00e1laga.<\/p>\n<p>2005 Charavinillo, Ambroz Granada.<\/p>\n<p>2004\u00a0<a href=\"https:\/\/janekleinschmit.art\/art-blog\/2004-remisengallery-schloss-philippsruhe-hanauer-kulturverein-germany\/\">Remisengallery<\/a>, Schloss Philippsruhe, Hanau, Alemania.<\/p>\n<p>2003 Hotel \u00abLa Bobadilla\u00bb, Loja, Granada.<\/p>\n<p>2002 Exposici\u00f3n Wildaustra\u00dfe, Hanau, Alemania.<\/p>\n<p>2001 Cruz del Mar, Chipiona Cadiz.<\/p>\n<p>2001 Overijse Prins Karellaan, 45, Br\u00fcssel, B\u00e9lgica.<\/p>\n<p>2000 Galer\u00eda San Gregorio, Albaicin, Granada.<\/p>\n<p>1998 \u00abjovenes artistas\u00bb; Ludwig-Noll-Krankenhaus, Kassel, Alemania<\/p>\n<p>1996 Exposici\u00f3n en las salas de G. Wagner, Kassel, Alemania<\/p>\n<p>1995 Werkstattgallery, Kassel, Alemania<\/p>\n<h2>Colectivas (selecci\u00f3n)<\/h2>\n<p>2023 K\u00fcnstlerInnen der Remise, Hanauer Kulturverein, Schloss Philippsruhe, Hanau, Alemania.<\/p>\n<p>2023 Help mi please, Exposici\u00f3n colectiva de arte contempor\u00e1neo, Arrabal &amp; C\u00eda, Granada.<\/p>\n<p>2022 K\u00fcnstlerweihnachtsmarkt, BBK Paulskirche, Frankfurt am Main, Alemania.<\/p>\n<p>2022 Eros es mas, Arrabl &amp; Cia, Granada.<\/p>\n<p>2022 Andalusische Bilder und Hanauer Holz, Hanauer Kulturverein, Schloss Philippsruhe, Hanau, Alemania.<\/p>\n<p>2020 Ant\u00f3nimos, Arrabal &amp; C\u00eda, Granada.<\/p>\n<p>2019 Sombras nada mas, Arrabal &amp; C\u00eda, Granada.<\/p>\n<p>2019 K\u00fcnstlerweihnachtsmarkt BBK Paulskirche, Frankfurt am Main, Alemania<br \/>\n2019 Exposici\u00f3n <a href=\"https:\/\/janekleinschmit.art\/art-blog\/2019-mutaciones-galeria-el-casino-salobrena-spain\/\">\u201cMutaciones\u201d<\/a>, galeria \u201c El Casino\u201d, Salobre\u00f1a, Granada<br \/>\n2019 <a href=\"https:\/\/janekleinschmit.art\/art-blog\/2019-antiguo-ayuntamiento-orgiva-spain\/\">Antiguo Ayuntamiento<\/a>, \u00d3rgiva, Granada<br \/>\n2019 Exposici\u00f3n <a href=\"https:\/\/janekleinschmit.art\/art-blog\/2019-dialogos-museo-molvizar-molvizar-spain\/\">\u201cDi\u00e1logos\u201d<\/a>, Museo Molv\u00edzar, Granada<\/p>\n<p>2018\u00a0<a href=\"https:\/\/janekleinschmit.art\/art-blog\/2018-kunstler-der-remise-hanauer-kulturverein-schloss-philippsruhe-hanau-germany\/\">K\u00fcnstler der Remise<\/a>, Hanauer Kulturverein, Schloss Philippsruhe, Hanau, Alemania.<br \/>\n2018 Art Walk Competa, Galeria Centro, Competa, M\u00e1laga<br \/>\n2018 Exposici\u00f3n Antiguo Ayuntamiento, \u00d3rgiva, Granada<\/p>\n<p>2017 K\u00fcnstlerweihnachtsmarkt BBK Paulskirche, Frankfurt am Main<br \/>\n2017 F\u00e1brica Azucarera Nuestra Se\u00f1ora del Pilar, Motril<br \/>\n2017 <a href=\"https:\/\/janekleinschmit.art\/art-blog\/2017-frauensicht-auf-weiblichkeit-neustadter-rathaus-hanau-germany\/\">\u00abFrauensicht auf Weiblichkeit\u00bb<\/a>, Neust\u00e4dter Rathaus, Hanau, Alemania<\/p>\n<p>2016\u00a0<a href=\"https:\/\/janekleinschmit.art\/art-blog\/2016-kunstler-der-remise-hanau-germany\/\">K\u00fcnstler der Remise<\/a>, Hanau, Alemania<\/p>\n<p>2013 exposici\u00f3n \u00abSea\u00bb, D:Gallery Kassel, Alemania<\/p>\n<p>2012 G\u00fcterbahnhof, Flensburg, Alemania<br \/>\n2012 Sala de exposiciones Maracena, Granada: Feria internacional<\/p>\n<p>2011 K\u00fcnstlerweihnachtsmarkt BbK in der Paulskirche, Frankfurt am Main, Alemania<\/p>\n<p>2010 Granadacapital galeria de arte, Granada<br \/>\n2010 <a href=\"https:\/\/janekleinschmit.art\/art-blog\/exhibitions\/2010-fiarte-churriana-de-la-vega-granada-spain\/\">Fiarte<\/a>, Churriana de la Vega, Granada<\/p>\n<p>2009\u00a0<a href=\"https:\/\/janekleinschmit.art\/art-blog\/2009-schlos-park-schonfeld-rotary-club-kassel-germany\/\">Schlo\u00df Park Sch\u00f6nfeld<\/a>, Rotary Club, Kassel, Alemania<\/p>\n<p>2008\u00a0<a href=\"https:\/\/janekleinschmit.art\/art-blog\/2008-espacio-tres-malaga-spain\/\">Espacio Tres, M\u00e1laga<\/a><\/p>\n<p>2007 Galer\u00eda Henarte, M\u00e1laga<br \/>\n2007 Galer\u00eda Bittner &amp; Dembinski, Kassel, Alemania<\/p>\n<p>2006 Exposici\u00f3n \u00abCertamen de Pintura\u00bb Las Gabias, Granada<\/p>\n<p>2005 Exposici\u00f3n \u00abFrau und Film\u00bb, Maracena und Guadix, Granada<\/p>\n<p>2004 Galer\u00eda Bittner &amp; Dembinski, Kassel, Alemania<br \/>\n2004 Exposici\u00f3n \u00abPintor Juan Almagro\u00bb, Pegalajar, Ja\u00e9n<\/p>\n<p>2003 Regierungspr\u00e4sidium, Kassel, Alemania<br \/>\n2003 Galer\u00eda Bittner &amp; Dembinski, Kassel, Alemania<\/p>\n<p>2002 Castillo Lucena, Cordoba<\/p>\n<p>2001 Cardilim, Genk, B\u00e9lgica<br \/>\n2001 Pantheongallery, Knokke, B\u00e9lgica<\/p>\n<p>2000 Galer\u00eda Lecrin, Almu\u00f1ecar<br \/>\n2000 Feria FAIM, Madrid<\/p>\n<p>1999 Castle Park Sch\u00f6nfeld, Rotary Club, Kassel, Alemania<br \/>\n1999 Galer\u00eda Bittner &amp; Dembinski, Kassel, Alemania<\/p>\n<p>1998 Sala de exposici\u00f3nes de la Facultad de Bellas Artes, Kassel, Alemania<\/p>\n<p>1996 Casa de las Conchas, Salamanca<\/p>\n<h2>Becas y Cursos<\/h2>\n<p>2009\u00a0<a href=\"https:\/\/janekleinschmit.art\/art-blog\/exhibitions\/2009-fundacion-valparaiso-mojacar-almeria-spain\/\">Fundaci\u00f3n Valparaiso Moj\u00e1car<\/a>, Almer\u00eda<\/p>\n<p>2004 Fundaci\u00f3n Miro, Palma de Mallorca<\/p>\n","protected":false},"excerpt":{"rendered":"<p>Biograf\u00eda Naci\u00f3 en 1968 en Hannover, Alemania, y recibi\u00f3 su educaci\u00f3n escolar en Hanau, Frankfurt, y durante un a\u00f1o en los Estados Unidos. Estudi\u00f3 Bellas Artes en la Universidad de Kassel, Alemania, con becas en Reading, Londres, y Salamanca. En paralelo, tambi\u00e9n estudi\u00f3 solfeo. Licenciada en Bellas Artes, actualmente vive y trabaja entre Granada y &#8230; <\/p>\n<p class=\"read-more-container\"><a title=\"Curr\u00edculum\" class=\"read-more button\" href=\"https:\/\/janekleinschmit.art\/es\/cv\/#more-1856\" aria-label=\"Leer m\u00e1s sobre Curr\u00edculum\">Leer m\u00e1s<\/a><\/p>\n","protected":false},"author":20,"featured_media":0,"parent":0,"menu_order":2,"comment_status":"closed","ping_status":"closed","template":"","meta":{"ngg_post_thumbnail":0,"footnotes":""},"class_list":{"0":"post-1856","1":"page","2":"type-page","3":"status-publish","5":"infinite-scroll-item"},"yoast_head":"<!-- This site is optimized with the Yoast SEO plugin v27.4 - https:\/\/yoast.com\/product\/yoast-seo-wordpress\/ -->\n<title>Curr\u00edculum &#8211; Jane Kleinschmit<\/title>\n<meta name=\"robots\" content=\"index, follow, max-snippet:-1, max-image-preview:large, max-video-preview:-1\" \/>\n<link rel=\"canonical\" href=\"https:\/\/janekleinschmit.art\/es\/cv\/\" \/>\n<meta property=\"og:locale\" content=\"es_ES\" \/>\n<meta property=\"og:type\" content=\"article\" \/>\n<meta property=\"og:title\" content=\"Curr\u00edculum &#8211; Jane Kleinschmit\" \/>\n<meta property=\"og:description\" content=\"Biograf\u00eda Naci\u00f3 en 1968 en Hannover, Alemania, y recibi\u00f3 su educaci\u00f3n escolar en Hanau, Frankfurt, y durante un a\u00f1o en los Estados Unidos. Estudi\u00f3 Bellas Artes en la Universidad de Kassel, Alemania, con becas en Reading, Londres, y Salamanca. En paralelo, tambi\u00e9n estudi\u00f3 solfeo. Licenciada en Bellas Artes, actualmente vive y trabaja entre Granada y ... Leer m\u00e1s\" \/>\n<meta property=\"og:url\" content=\"https:\/\/janekleinschmit.art\/es\/cv\/\" \/>\n<meta property=\"og:site_name\" content=\"Jane Kleinschmit\" \/>\n<meta property=\"article:modified_time\" content=\"2023-10-31T11:53:51+00:00\" \/>\n<meta name=\"twitter:card\" content=\"summary_large_image\" \/>\n<meta name=\"twitter:label1\" content=\"Tiempo de lectura\" \/>\n\t<meta name=\"twitter:data1\" content=\"3 minutos\" \/>\n<script type=\"application\/ld+json\" class=\"yoast-schema-graph\">{\"@context\":\"https:\\\/\\\/schema.org\",\"@graph\":[{\"@type\":\"WebPage\",\"@id\":\"https:\\\/\\\/janekleinschmit.art\\\/es\\\/cv\\\/\",\"url\":\"https:\\\/\\\/janekleinschmit.art\\\/es\\\/cv\\\/\",\"name\":\"Curr\u00edculum &#8211; Jane Kleinschmit\",\"isPartOf\":{\"@id\":\"https:\\\/\\\/janekleinschmit.art\\\/es\\\/#website\"},\"datePublished\":\"2020-05-01T17:15:06+00:00\",\"dateModified\":\"2023-10-31T11:53:51+00:00\",\"breadcrumb\":{\"@id\":\"https:\\\/\\\/janekleinschmit.art\\\/es\\\/cv\\\/#breadcrumb\"},\"inLanguage\":\"es\",\"potentialAction\":[{\"@type\":\"ReadAction\",\"target\":[\"https:\\\/\\\/janekleinschmit.art\\\/es\\\/cv\\\/\"]}]},{\"@type\":\"BreadcrumbList\",\"@id\":\"https:\\\/\\\/janekleinschmit.art\\\/es\\\/cv\\\/#breadcrumb\",\"itemListElement\":[{\"@type\":\"ListItem\",\"position\":1,\"name\":\"Home\",\"item\":\"https:\\\/\\\/janekleinschmit.art\\\/es\\\/\"},{\"@type\":\"ListItem\",\"position\":2,\"name\":\"Curr\u00edculum\"}]},{\"@type\":\"WebSite\",\"@id\":\"https:\\\/\\\/janekleinschmit.art\\\/es\\\/#website\",\"url\":\"https:\\\/\\\/janekleinschmit.art\\\/es\\\/\",\"name\":\"Jane Kleinschmit\",\"description\":\"Artist&#039;s Portfolio\",\"publisher\":{\"@id\":\"https:\\\/\\\/janekleinschmit.art\\\/es\\\/#\\\/schema\\\/person\\\/065448c18d216d5e36d6013ebc81e116\"},\"potentialAction\":[{\"@type\":\"SearchAction\",\"target\":{\"@type\":\"EntryPoint\",\"urlTemplate\":\"https:\\\/\\\/janekleinschmit.art\\\/es\\\/?s={search_term_string}\"},\"query-input\":{\"@type\":\"PropertyValueSpecification\",\"valueRequired\":true,\"valueName\":\"search_term_string\"}}],\"inLanguage\":\"es\"},{\"@type\":[\"Person\",\"Organization\"],\"@id\":\"https:\\\/\\\/janekleinschmit.art\\\/es\\\/#\\\/schema\\\/person\\\/065448c18d216d5e36d6013ebc81e116\",\"name\":\"janekk\",\"image\":{\"@type\":\"ImageObject\",\"inLanguage\":\"es\",\"@id\":\"https:\\\/\\\/secure.gravatar.com\\\/avatar\\\/b68e50b68c22c36691f5f4814d5d14b8cff5e8b1358ac6b191f554ccf0a88ed0?s=96&d=mm&r=g\",\"url\":\"https:\\\/\\\/secure.gravatar.com\\\/avatar\\\/b68e50b68c22c36691f5f4814d5d14b8cff5e8b1358ac6b191f554ccf0a88ed0?s=96&d=mm&r=g\",\"contentUrl\":\"https:\\\/\\\/secure.gravatar.com\\\/avatar\\\/b68e50b68c22c36691f5f4814d5d14b8cff5e8b1358ac6b191f554ccf0a88ed0?s=96&d=mm&r=g\",\"caption\":\"janekk\"},\"logo\":{\"@id\":\"https:\\\/\\\/secure.gravatar.com\\\/avatar\\\/b68e50b68c22c36691f5f4814d5d14b8cff5e8b1358ac6b191f554ccf0a88ed0?s=96&d=mm&r=g\"}}]}<\/script>\n<!-- \/ Yoast SEO plugin. -->","yoast_head_json":{"title":"Curr\u00edculum &#8211; Jane Kleinschmit","robots":{"index":"index","follow":"follow","max-snippet":"max-snippet:-1","max-image-preview":"max-image-preview:large","max-video-preview":"max-video-preview:-1"},"canonical":"https:\/\/janekleinschmit.art\/es\/cv\/","og_locale":"es_ES","og_type":"article","og_title":"Curr\u00edculum &#8211; Jane Kleinschmit","og_description":"Biograf\u00eda Naci\u00f3 en 1968 en Hannover, Alemania, y recibi\u00f3 su educaci\u00f3n escolar en Hanau, Frankfurt, y durante un a\u00f1o en los Estados Unidos. Estudi\u00f3 Bellas Artes en la Universidad de Kassel, Alemania, con becas en Reading, Londres, y Salamanca. En paralelo, tambi\u00e9n estudi\u00f3 solfeo. Licenciada en Bellas Artes, actualmente vive y trabaja entre Granada y ... Leer m\u00e1s","og_url":"https:\/\/janekleinschmit.art\/es\/cv\/","og_site_name":"Jane Kleinschmit","article_modified_time":"2023-10-31T11:53:51+00:00","twitter_card":"summary_large_image","twitter_misc":{"Tiempo de lectura":"3 minutos"},"schema":{"@context":"https:\/\/schema.org","@graph":[{"@type":"WebPage","@id":"https:\/\/janekleinschmit.art\/es\/cv\/","url":"https:\/\/janekleinschmit.art\/es\/cv\/","name":"Curr\u00edculum &#8211; Jane Kleinschmit","isPartOf":{"@id":"https:\/\/janekleinschmit.art\/es\/#website"},"datePublished":"2020-05-01T17:15:06+00:00","dateModified":"2023-10-31T11:53:51+00:00","breadcrumb":{"@id":"https:\/\/janekleinschmit.art\/es\/cv\/#breadcrumb"},"inLanguage":"es","potentialAction":[{"@type":"ReadAction","target":["https:\/\/janekleinschmit.art\/es\/cv\/"]}]},{"@type":"BreadcrumbList","@id":"https:\/\/janekleinschmit.art\/es\/cv\/#breadcrumb","itemListElement":[{"@type":"ListItem","position":1,"name":"Home","item":"https:\/\/janekleinschmit.art\/es\/"},{"@type":"ListItem","position":2,"name":"Curr\u00edculum"}]},{"@type":"WebSite","@id":"https:\/\/janekleinschmit.art\/es\/#website","url":"https:\/\/janekleinschmit.art\/es\/","name":"Jane Kleinschmit","description":"Artist&#039;s Portfolio","publisher":{"@id":"https:\/\/janekleinschmit.art\/es\/#\/schema\/person\/065448c18d216d5e36d6013ebc81e116"},"potentialAction":[{"@type":"SearchAction","target":{"@type":"EntryPoint","urlTemplate":"https:\/\/janekleinschmit.art\/es\/?s={search_term_string}"},"query-input":{"@type":"PropertyValueSpecification","valueRequired":true,"valueName":"search_term_string"}}],"inLanguage":"es"},{"@type":["Person","Organization"],"@id":"https:\/\/janekleinschmit.art\/es\/#\/schema\/person\/065448c18d216d5e36d6013ebc81e116","name":"janekk","image":{"@type":"ImageObject","inLanguage":"es","@id":"https:\/\/secure.gravatar.com\/avatar\/b68e50b68c22c36691f5f4814d5d14b8cff5e8b1358ac6b191f554ccf0a88ed0?s=96&d=mm&r=g","url":"https:\/\/secure.gravatar.com\/avatar\/b68e50b68c22c36691f5f4814d5d14b8cff5e8b1358ac6b191f554ccf0a88ed0?s=96&d=mm&r=g","contentUrl":"https:\/\/secure.gravatar.com\/avatar\/b68e50b68c22c36691f5f4814d5d14b8cff5e8b1358ac6b191f554ccf0a88ed0?s=96&d=mm&r=g","caption":"janekk"},"logo":{"@id":"https:\/\/secure.gravatar.com\/avatar\/b68e50b68c22c36691f5f4814d5d14b8cff5e8b1358ac6b191f554ccf0a88ed0?s=96&d=mm&r=g"}}]}},"_links":{"self":[{"href":"https:\/\/janekleinschmit.art\/es\/wp-json\/wp\/v2\/pages\/1856","targetHints":{"allow":["GET"]}}],"collection":[{"href":"https:\/\/janekleinschmit.art\/es\/wp-json\/wp\/v2\/pages"}],"about":[{"href":"https:\/\/janekleinschmit.art\/es\/wp-json\/wp\/v2\/types\/page"}],"author":[{"embeddable":true,"href":"https:\/\/janekleinschmit.art\/es\/wp-json\/wp\/v2\/users\/20"}],"replies":[{"embeddable":true,"href":"https:\/\/janekleinschmit.art\/es\/wp-json\/wp\/v2\/comments?post=1856"}],"version-history":[{"count":6,"href":"https:\/\/janekleinschmit.art\/es\/wp-json\/wp\/v2\/pages\/1856\/revisions"}],"predecessor-version":[{"id":3523,"href":"https:\/\/janekleinschmit.art\/es\/wp-json\/wp\/v2\/pages\/1856\/revisions\/3523"}],"wp:attachment":[{"href":"https:\/\/janekleinschmit.art\/es\/wp-json\/wp\/v2\/media?parent=1856"}],"curies":[{"name":"wp","href":"https:\/\/api.w.org\/{rel}","templated":true}]}}