{"id":2791,"date":"2022-04-29T13:18:52","date_gmt":"2022-04-29T11:18:52","guid":{"rendered":"https:\/\/janekleinschmit.art\/work-process\/"},"modified":"2022-05-19T13:15:43","modified_gmt":"2022-05-19T11:15:43","slug":"work-process","status":"publish","type":"page","link":"https:\/\/janekleinschmit.art\/es\/work-process\/","title":{"rendered":"Reflexiones\ufffc"},"content":{"rendered":"\n<p>Abril 2022<\/p>\n\n<p>En los \u00faltimos dos anos hice muchas pinturas nuevas. <\/p>\n\n<p>Durante la incertidumbre del primer confinamiento, en la primavera de 2020, pintaba principalmente abstracto para expresar el agobio de estar encerrada. Esta presi\u00f3n emocional se manifest\u00f3 con un lenguaje propio de formas y colores.<\/p>\n\n<p>Cuando la situaci\u00f3n del covid se relaj\u00f3 un poco, volv\u00ed a pintar figurativo.Consecutivamente hic\u00e9 pinturas de la Sierra y del Mar, mostrando as\u00ed mi deseo de armon\u00eda y de una situaci\u00f3n mundial m\u00e1s positiva.<\/p>\n\n<p>Inspirada por paseos diarios cerca de la Sierra, pint\u00e9 el mismo motivo una y otra vez en ambientes y colores diferentes. El Mar \u2013 uno de mis temas recurrentes \u2013 se convierte en una met\u00e1fora del cambio.<\/p>\n\n<p>El covid todav\u00eda forma parte de nuestra vida cotidiana y las mascarillas tambi\u00e9n, as\u00ed que decid\u00ed integrar las mascarillas en mis pinturas mas recientes. En algunos cuadros indirectamente se trata la guerra in\u00fatil de Ucrania y la esperanza de paz.<\/p>\n\n<p>Jane Kleinschmit<\/p>\n","protected":false},"excerpt":{"rendered":"<p>Abril 2022 En los \u00faltimos dos anos hice muchas pinturas nuevas. Durante la incertidumbre del primer confinamiento, en la primavera de 2020, pintaba principalmente abstracto para expresar el agobio de estar encerrada. Esta presi\u00f3n emocional se manifest\u00f3 con un lenguaje propio de formas y colores. Cuando la situaci\u00f3n del covid se relaj\u00f3 un poco, volv\u00ed &#8230; <\/p>\n<p class=\"read-more-container\"><a title=\"Reflexiones\ufffc\" class=\"read-more button\" href=\"https:\/\/janekleinschmit.art\/es\/work-process\/#more-2791\" aria-label=\"Leer m\u00e1s sobre Reflexiones\ufffc\">Leer m\u00e1s<\/a><\/p>\n","protected":false},"author":15,"featured_media":0,"parent":0,"menu_order":0,"comment_status":"closed","ping_status":"closed","template":"","meta":{"ngg_post_thumbnail":0,"footnotes":""},"class_list":{"0":"post-2791","1":"page","2":"type-page","3":"status-publish","5":"infinite-scroll-item"},"yoast_head":"<!-- This site is optimized with the Yoast SEO plugin v27.4 - https:\/\/yoast.com\/product\/yoast-seo-wordpress\/ -->\n<title>Reflexiones\ufffc &#8211; Jane Kleinschmit<\/title>\n<meta name=\"robots\" content=\"index, follow, max-snippet:-1, max-image-preview:large, max-video-preview:-1\" \/>\n<link rel=\"canonical\" href=\"https:\/\/janekleinschmit.art\/es\/work-process\/\" \/>\n<meta property=\"og:locale\" content=\"es_ES\" \/>\n<meta property=\"og:type\" content=\"article\" \/>\n<meta property=\"og:title\" content=\"Reflexiones\ufffc &#8211; Jane Kleinschmit\" \/>\n<meta property=\"og:description\" content=\"Abril 2022 En los \u00faltimos dos anos hice muchas pinturas nuevas. Durante la incertidumbre del primer confinamiento, en la primavera de 2020, pintaba principalmente abstracto para expresar el agobio de estar encerrada. Esta presi\u00f3n emocional se manifest\u00f3 con un lenguaje propio de formas y colores. Cuando la situaci\u00f3n del covid se relaj\u00f3 un poco, volv\u00ed ... Leer m\u00e1s\" \/>\n<meta property=\"og:url\" content=\"https:\/\/janekleinschmit.art\/es\/work-process\/\" \/>\n<meta property=\"og:site_name\" content=\"Jane Kleinschmit\" \/>\n<meta property=\"article:modified_time\" content=\"2022-05-19T11:15:43+00:00\" \/>\n<meta name=\"twitter:card\" content=\"summary_large_image\" \/>\n<meta name=\"twitter:label1\" content=\"Tiempo de lectura\" \/>\n\t<meta name=\"twitter:data1\" content=\"1 minuto\" \/>\n<script type=\"application\/ld+json\" class=\"yoast-schema-graph\">{\"@context\":\"https:\\\/\\\/schema.org\",\"@graph\":[{\"@type\":\"WebPage\",\"@id\":\"https:\\\/\\\/janekleinschmit.art\\\/es\\\/work-process\\\/\",\"url\":\"https:\\\/\\\/janekleinschmit.art\\\/es\\\/work-process\\\/\",\"name\":\"Reflexiones\ufffc &#8211; Jane Kleinschmit\",\"isPartOf\":{\"@id\":\"https:\\\/\\\/janekleinschmit.art\\\/es\\\/#website\"},\"datePublished\":\"2022-04-29T11:18:52+00:00\",\"dateModified\":\"2022-05-19T11:15:43+00:00\",\"breadcrumb\":{\"@id\":\"https:\\\/\\\/janekleinschmit.art\\\/es\\\/work-process\\\/#breadcrumb\"},\"inLanguage\":\"es\",\"potentialAction\":[{\"@type\":\"ReadAction\",\"target\":[\"https:\\\/\\\/janekleinschmit.art\\\/es\\\/work-process\\\/\"]}]},{\"@type\":\"BreadcrumbList\",\"@id\":\"https:\\\/\\\/janekleinschmit.art\\\/es\\\/work-process\\\/#breadcrumb\",\"itemListElement\":[{\"@type\":\"ListItem\",\"position\":1,\"name\":\"Home\",\"item\":\"https:\\\/\\\/janekleinschmit.art\\\/es\\\/\"},{\"@type\":\"ListItem\",\"position\":2,\"name\":\"Reflexiones\ufffc\"}]},{\"@type\":\"WebSite\",\"@id\":\"https:\\\/\\\/janekleinschmit.art\\\/es\\\/#website\",\"url\":\"https:\\\/\\\/janekleinschmit.art\\\/es\\\/\",\"name\":\"Jane Kleinschmit\",\"description\":\"Artist&#039;s Portfolio\",\"publisher\":{\"@id\":\"https:\\\/\\\/janekleinschmit.art\\\/es\\\/#\\\/schema\\\/person\\\/065448c18d216d5e36d6013ebc81e116\"},\"potentialAction\":[{\"@type\":\"SearchAction\",\"target\":{\"@type\":\"EntryPoint\",\"urlTemplate\":\"https:\\\/\\\/janekleinschmit.art\\\/es\\\/?s={search_term_string}\"},\"query-input\":{\"@type\":\"PropertyValueSpecification\",\"valueRequired\":true,\"valueName\":\"search_term_string\"}}],\"inLanguage\":\"es\"},{\"@type\":[\"Person\",\"Organization\"],\"@id\":\"https:\\\/\\\/janekleinschmit.art\\\/es\\\/#\\\/schema\\\/person\\\/065448c18d216d5e36d6013ebc81e116\",\"name\":\"janekk\",\"image\":{\"@type\":\"ImageObject\",\"inLanguage\":\"es\",\"@id\":\"https:\\\/\\\/secure.gravatar.com\\\/avatar\\\/b68e50b68c22c36691f5f4814d5d14b8cff5e8b1358ac6b191f554ccf0a88ed0?s=96&d=mm&r=g\",\"url\":\"https:\\\/\\\/secure.gravatar.com\\\/avatar\\\/b68e50b68c22c36691f5f4814d5d14b8cff5e8b1358ac6b191f554ccf0a88ed0?s=96&d=mm&r=g\",\"contentUrl\":\"https:\\\/\\\/secure.gravatar.com\\\/avatar\\\/b68e50b68c22c36691f5f4814d5d14b8cff5e8b1358ac6b191f554ccf0a88ed0?s=96&d=mm&r=g\",\"caption\":\"janekk\"},\"logo\":{\"@id\":\"https:\\\/\\\/secure.gravatar.com\\\/avatar\\\/b68e50b68c22c36691f5f4814d5d14b8cff5e8b1358ac6b191f554ccf0a88ed0?s=96&d=mm&r=g\"}}]}<\/script>\n<!-- \/ Yoast SEO plugin. -->","yoast_head_json":{"title":"Reflexiones\ufffc &#8211; Jane Kleinschmit","robots":{"index":"index","follow":"follow","max-snippet":"max-snippet:-1","max-image-preview":"max-image-preview:large","max-video-preview":"max-video-preview:-1"},"canonical":"https:\/\/janekleinschmit.art\/es\/work-process\/","og_locale":"es_ES","og_type":"article","og_title":"Reflexiones\ufffc &#8211; Jane Kleinschmit","og_description":"Abril 2022 En los \u00faltimos dos anos hice muchas pinturas nuevas. Durante la incertidumbre del primer confinamiento, en la primavera de 2020, pintaba principalmente abstracto para expresar el agobio de estar encerrada. Esta presi\u00f3n emocional se manifest\u00f3 con un lenguaje propio de formas y colores. Cuando la situaci\u00f3n del covid se relaj\u00f3 un poco, volv\u00ed ... Leer m\u00e1s","og_url":"https:\/\/janekleinschmit.art\/es\/work-process\/","og_site_name":"Jane Kleinschmit","article_modified_time":"2022-05-19T11:15:43+00:00","twitter_card":"summary_large_image","twitter_misc":{"Tiempo de lectura":"1 minuto"},"schema":{"@context":"https:\/\/schema.org","@graph":[{"@type":"WebPage","@id":"https:\/\/janekleinschmit.art\/es\/work-process\/","url":"https:\/\/janekleinschmit.art\/es\/work-process\/","name":"Reflexiones\ufffc &#8211; Jane Kleinschmit","isPartOf":{"@id":"https:\/\/janekleinschmit.art\/es\/#website"},"datePublished":"2022-04-29T11:18:52+00:00","dateModified":"2022-05-19T11:15:43+00:00","breadcrumb":{"@id":"https:\/\/janekleinschmit.art\/es\/work-process\/#breadcrumb"},"inLanguage":"es","potentialAction":[{"@type":"ReadAction","target":["https:\/\/janekleinschmit.art\/es\/work-process\/"]}]},{"@type":"BreadcrumbList","@id":"https:\/\/janekleinschmit.art\/es\/work-process\/#breadcrumb","itemListElement":[{"@type":"ListItem","position":1,"name":"Home","item":"https:\/\/janekleinschmit.art\/es\/"},{"@type":"ListItem","position":2,"name":"Reflexiones\ufffc"}]},{"@type":"WebSite","@id":"https:\/\/janekleinschmit.art\/es\/#website","url":"https:\/\/janekleinschmit.art\/es\/","name":"Jane Kleinschmit","description":"Artist&#039;s Portfolio","publisher":{"@id":"https:\/\/janekleinschmit.art\/es\/#\/schema\/person\/065448c18d216d5e36d6013ebc81e116"},"potentialAction":[{"@type":"SearchAction","target":{"@type":"EntryPoint","urlTemplate":"https:\/\/janekleinschmit.art\/es\/?s={search_term_string}"},"query-input":{"@type":"PropertyValueSpecification","valueRequired":true,"valueName":"search_term_string"}}],"inLanguage":"es"},{"@type":["Person","Organization"],"@id":"https:\/\/janekleinschmit.art\/es\/#\/schema\/person\/065448c18d216d5e36d6013ebc81e116","name":"janekk","image":{"@type":"ImageObject","inLanguage":"es","@id":"https:\/\/secure.gravatar.com\/avatar\/b68e50b68c22c36691f5f4814d5d14b8cff5e8b1358ac6b191f554ccf0a88ed0?s=96&d=mm&r=g","url":"https:\/\/secure.gravatar.com\/avatar\/b68e50b68c22c36691f5f4814d5d14b8cff5e8b1358ac6b191f554ccf0a88ed0?s=96&d=mm&r=g","contentUrl":"https:\/\/secure.gravatar.com\/avatar\/b68e50b68c22c36691f5f4814d5d14b8cff5e8b1358ac6b191f554ccf0a88ed0?s=96&d=mm&r=g","caption":"janekk"},"logo":{"@id":"https:\/\/secure.gravatar.com\/avatar\/b68e50b68c22c36691f5f4814d5d14b8cff5e8b1358ac6b191f554ccf0a88ed0?s=96&d=mm&r=g"}}]}},"_links":{"self":[{"href":"https:\/\/janekleinschmit.art\/es\/wp-json\/wp\/v2\/pages\/2791","targetHints":{"allow":["GET"]}}],"collection":[{"href":"https:\/\/janekleinschmit.art\/es\/wp-json\/wp\/v2\/pages"}],"about":[{"href":"https:\/\/janekleinschmit.art\/es\/wp-json\/wp\/v2\/types\/page"}],"author":[{"embeddable":true,"href":"https:\/\/janekleinschmit.art\/es\/wp-json\/wp\/v2\/users\/15"}],"replies":[{"embeddable":true,"href":"https:\/\/janekleinschmit.art\/es\/wp-json\/wp\/v2\/comments?post=2791"}],"version-history":[{"count":13,"href":"https:\/\/janekleinschmit.art\/es\/wp-json\/wp\/v2\/pages\/2791\/revisions"}],"predecessor-version":[{"id":2937,"href":"https:\/\/janekleinschmit.art\/es\/wp-json\/wp\/v2\/pages\/2791\/revisions\/2937"}],"wp:attachment":[{"href":"https:\/\/janekleinschmit.art\/es\/wp-json\/wp\/v2\/media?parent=2791"}],"curies":[{"name":"wp","href":"https:\/\/api.w.org\/{rel}","templated":true}]}}